{"id":11888,"date":"2022-03-24T09:08:44","date_gmt":"2022-03-24T09:08:44","guid":{"rendered":"https:\/\/www.campoviejo.com\/social-responsibility\/"},"modified":"2022-04-27T00:57:03","modified_gmt":"2022-04-27T00:57:03","slug":"social-responsibility","status":"publish","type":"page","link":"https:\/\/www.campoviejo.com\/es\/social-responsibility\/","title":{"rendered":"Social Responsibility"},"content":{"rendered":"<section class=\"block-page-title  \" id=\"block_623c34a247f2e\">\n\t<div class=\"container\">\n\t\t<div class=\"row\">\n\t\t\t<div class=\"col-12\">\n\t\t\t\t<h1 class=\"page-title\">\n\t\t\t\t\tSocial Responsibility\t\t\t\t<\/h1>\n\t\t\t<\/div>\n\t\t<\/div>\n\t<\/div>\n<\/section>\n\n\n    <div class=\"block-classic-editor \" id=\"block_623c34b647f2f\">\n        <div class=\"container\">\n            <div class=\"default-content\"><h3><span style=\"font-weight: 400;\">Por favor, disfruta de <\/span><em><span style=\"font-weight: 400;\">Campo Viejo<\/span><\/em><span style=\"font-weight: 400;\"> con responsabilidad. <\/span><\/h3>\n<p><span style=\"font-weight: 400;\">En <\/span><em><span style=\"font-weight: 400;\">Campo Viejo<\/span><\/em><span style=\"font-weight: 400;\"> estamos comprometidos con el consumo responsable, por lo que debemos asegurarnos de que tienes la edad legal para beber y de que est\u00e1s legalmente autorizado a ver este sitio en el pa\u00eds en el que te encuentres. Consulta <\/span><a href=\"https:\/\/apc01.safelinks.protection.outlook.com\/?url=https%3A%2F%2Fwww.pernod-ricard.com%2Fen%2Fsustainability-responsibility%2Fresponsible-hosting&amp;data=04%7C01%7Cilargi.leturia%40pernod-ricard.com%7C68a0122dfae843f9b9cc08d9f09daef8%7C933c9cbe35d34416abbdddd1bca5879c%7C0%7C0%7C637805382621536079%7CUnknown%7CTWFpbGZsb3d8eyJWIjoiMC4wLjAwMDAiLCJQIjoiV2luMzIiLCJBTiI6Ik1haWwiLCJXVCI6Mn0%3D%7C3000&amp;sdata=no3cPevG8P6qXa777AMEoYtZ%2F5h8tP%2FvE7AmwGtUQvU%3D&amp;reserved=0\"><span style=\"font-weight: 400;\">https:\/\/www.pernod-ricard.com\/en\/sustainability-responsibility\/responsible-hosting<\/span><\/a><span style=\"font-weight: 400;\">\u00a0 y <\/span><a href=\"https:\/\/www.wineinmoderation.eu\/es\/\"><span style=\"font-weight: 400;\">For a sustainable culture of wine &#8211; Wine In moderation<\/span><\/a> <span style=\"font-weight: 400;\">para mayor informaci\u00f3n.<\/span><\/p>\n<h3><span style=\"font-weight: 400;\">Directrices sobre las redes sociales para nuestra comunidad<\/span><\/h3>\n<p><em><span style=\"font-weight: 400;\">Campo Viejo<\/span><\/em><span style=\"font-weight: 400;\"> y todas las empresas del grupo Pernod Ricard tienen una larga dedicaci\u00f3n al consumo responsable. A trav\u00e9s de numerosas iniciativas, en colaboraci\u00f3n con diversas asociaciones del sector, entidades reguladoras y representantes de las autoridades p\u00fablicas, Pernod Ricard y sus filiales est\u00e1n profundamente comprometidos con la promoci\u00f3n del consumo responsable y la disuasi\u00f3n del uso inapropiado de nuestros productos.<\/span><\/p>\n<p><span style=\"font-weight: 400;\">Por ello, aunque animamos a los fans a dejar comentarios, fotos, v\u00eddeos y otros contenidos (&#8220;Post&#8221;) en nuestras redes sociales, no podemos permitir ning\u00fan Post que:<\/span><\/p>\n<ul>\n<li style=\"font-weight: 400;\" aria-level=\"1\"><span style=\"font-weight: 400;\">Muestre cualquier persona que sea o aparente ser menor de la edad legal para beber o comprar alcohol. <\/span><\/li>\n<li style=\"font-weight: 400;\" aria-level=\"1\"><span style=\"font-weight: 400;\">Sea creado por alguien que no tiene la edad legal para beber.<\/span><\/li>\n<li style=\"font-weight: 400;\" aria-level=\"1\"><span style=\"font-weight: 400;\">Fomente la compra o el consumo de bebidas alcoh\u00f3licas por parte de menores, as\u00ed como el consumo ilegal, irresponsable o sin moderaci\u00f3n.<\/span><\/li>\n<li style=\"font-weight: 400;\" aria-level=\"1\"><span style=\"font-weight: 400;\">Promueve el consumo excesivo, o condena o critica de cualquier forma a quien decide no beber alcohol.<\/span><\/li>\n<li style=\"font-weight: 400;\" aria-level=\"1\"><span style=\"font-weight: 400;\">Presenta el consumo irresponsable de alcohol de forma positiva o asocia el consumo de alcohol con la conducci\u00f3n, manipulaci\u00f3n de cualquier tipo de maquinaria o participaci\u00f3n en cualquier tipo de actividad peligrosa.<\/span><\/li>\n<li style=\"font-weight: 400;\" aria-level=\"1\"><span style=\"font-weight: 400;\">Implica que las bebidas alcoh\u00f3licas poseen beneficios f\u00edsicos, psicol\u00f3gicos o intelectuales, o que contribuyen al \u00e9xito sexual.<\/span><\/li>\n<li style=\"font-weight: 400;\" aria-level=\"1\"><span style=\"font-weight: 400;\">Implica que las bebidas alcoh\u00f3licas aumentan la confianza o ayudan a solucionar problemas individuales o sociales.<\/span><\/li>\n<li aria-level=\"1\"><span style=\"font-weight: 400;\">Ensalza la fuerza del alcohol, el relativamente elevado contenido de alcohol o el efecto embriagador de una bebida.<\/span><\/li>\n<li aria-level=\"1\"><span style=\"font-weight: 400;\">Menciona el consumo de alcohol en relaci\u00f3n con cualquier tipo de comportamiento il\u00edcito, antisocial, peligroso, agresivo o violento.<\/span><\/li>\n<\/ul>\n<p><span style=\"font-weight: 400;\">Nos reservamos el derecho a eliminar o comentar cualquier publicaci\u00f3n que, a nuestro juicio, sea inaceptable, indeseable, inapropiada o infrinja estas directrices en cualquiera de nuestras redes sociales.<\/span><\/p>\n<p><span style=\"font-weight: 400;\">Para m\u00e1s informaci\u00f3n sobre nuestro compromiso con el consumo responsable, visita <\/span><a href=\"https:\/\/apc01.safelinks.protection.outlook.com\/?url=https%3A%2F%2Fwww.pernod-ricard.com%2Fen%2Fsustainability-responsibility%2Fresponsible-hosting&amp;data=04%7C01%7Cilargi.leturia%40pernod-ricard.com%7C68a0122dfae843f9b9cc08d9f09daef8%7C933c9cbe35d34416abbdddd1bca5879c%7C0%7C0%7C637805382621536079%7CUnknown%7CTWFpbGZsb3d8eyJWIjoiMC4wLjAwMDAiLCJQIjoiV2luMzIiLCJBTiI6Ik1haWwiLCJXVCI6Mn0%3D%7C3000&amp;sdata=no3cPevG8P6qXa777AMEoYtZ%2F5h8tP%2FvE7AmwGtUQvU%3D&amp;reserved=0\"><span style=\"font-weight: 400;\">https:\/\/www.pernod-ricard.com\/en\/sustainability-responsibility\/responsible-hosting<\/span><\/a><span style=\"font-weight: 400;\">\u00a0<\/span><span style=\"font-weight: 400;\">y\u00a0<\/span><a href=\"https:\/\/www.wineinmoderation.eu\/es\/\"><span style=\"font-weight: 400;\">For a sustainable culture of wine &#8211; Wine In moderation<\/span><\/a><\/p>\n<p><span style=\"font-weight: 400;\">Al utilizar este sitio, aceptas la <strong><a href=\"https:\/\/www.campoviejo.com\/es\/data-protection-and-privacy-policy\/\">Pol\u00edtica de Privacidad<\/a><\/strong> y los <strong><a href=\"https:\/\/www.campoviejo.com\/es\/terms-of-use\/\">T\u00e9rminos y Condiciones<\/a><\/strong>.<\/span><\/p>\n<p><b>Otros supuestos en los que tambi\u00e9n deber\u00edamos de reservarnos el derecho de eliminar los comentarios\/publicaciones de las redes sociales y que est\u00e1n relacionados con S&amp;R (m\u00e1s all\u00e1 del consumo responsable pero que creo que ser\u00edan interesantes incluir). Son supuestos que solemos incluir en las bases legales de las promociones que hacemos a trav\u00e9s de las redes sociales.<\/b><\/p>\n<ul>\n<li style=\"font-weight: 400;\" aria-level=\"1\"><span style=\"font-weight: 400;\">Cuando pudieran resultar de mal gusto, ofensivos, violentos, sexistas, discriminatorios por cualquier motivo, o de cualquier modo fomenten o condonen conductas ilegales o de dudosa legalidad, violentas, peligrosas, temerarias, antisociales, o potencialmente perjudiciales para la salud o el medioambiente.<\/span><\/li>\n<li style=\"font-weight: 400;\" aria-level=\"1\"><span style=\"font-weight: 400;\">Cuando se utilice la publicaci\u00f3n como medio para expresar ideas pol\u00edticas, religiosas o de otro tipo.\u00a0<\/span><\/li>\n<li style=\"font-weight: 400;\" aria-level=\"1\"><span style=\"font-weight: 400;\">Cuando se trate claramente de una copia o plagio o de cualquier forma pueda vulnerar derechos de terceros.\u00a0<\/span><\/li>\n<li style=\"font-weight: 400;\" aria-level=\"1\"><span style=\"font-weight: 400;\">Cuando perjudiquen o puedan perjudicar de cualquier forma a PERNOD RICARD WINEMAKERS, a las marcas vinculadas y\/o la marca \u201cCAMPO VIEJO\u201d.\u00a0<\/span><\/li>\n<li style=\"font-weight: 400;\" aria-level=\"1\"><span style=\"font-weight: 400;\">Cuando la publicaci\u00f3n revele datos personales de terceros sin que se hubiera obtenido el preceptivo consentimiento del interesado.\u00a0<\/span><\/li>\n<li style=\"font-weight: 400;\" aria-level=\"1\"><span style=\"font-weight: 400;\">Cuando en la publicaci\u00f3n aparezcan im\u00e1genes, logos, nombres o cualquier otro signo identificativo de marcas o productos de la misma naturaleza que los comercializados por PERNOD RICARD WINEMAKERS (vinos) y no se correspondan con dicha marca.\u00a0<\/span><\/li>\n<li style=\"font-weight: 400;\" aria-level=\"1\"><span style=\"font-weight: 400;\">Cuando el comentario incumpla el Real Decreto Legislativo 1\/1996, de 12 de abril, por el que se aprueba el Texto Refundido de la Ley de Propiedad Intelectual, regularizando, aclarando y armonizando las disposiciones legales vigentes sobre la materia.\u00a0<\/span><\/li>\n<li style=\"font-weight: 400;\" aria-level=\"1\"><span style=\"font-weight: 400;\">En general, cuando resulten contrarios a la ley y a los principios y valores protegidos por nuestro ordenamiento jur\u00eddico, o induzcan a llevar a cabo actuaciones contrarias a los mismos.\u00a0<\/span><\/li>\n<li style=\"font-weight: 400;\" aria-level=\"1\"><span style=\"font-weight: 400;\">Cuando se incumplan las condiciones generales de las redes sociales en las que se realice la publicaci\u00f3n.<\/span><\/li>\n<\/ul>\n<p>&nbsp;<\/p>\n<\/div>\n        <\/div>\n    <\/div>\n","protected":false},"excerpt":{"rendered":"","protected":false},"author":39,"featured_media":0,"parent":0,"menu_order":0,"comment_status":"closed","ping_status":"closed","template":"","meta":{"_acf_changed":false,"footnotes":""},"class_list":["post-11888","page","type-page","status-publish","hentry"],"acf":[],"yoast_head":"<!-- This site is optimized with the Yoast SEO plugin v27.4 - https:\/\/yoast.com\/product\/yoast-seo-wordpress\/ -->\n<title>Social Responsibility | Campo Viejo<\/title>\n<meta name=\"robots\" content=\"index, follow, max-snippet:-1, max-image-preview:large, max-video-preview:-1\" \/>\n<link rel=\"canonical\" href=\"https:\/\/www.campoviejo.com\/social-responsibility\/\" \/>\n<meta property=\"og:locale\" content=\"es_ES\" \/>\n<meta property=\"og:type\" content=\"article\" \/>\n<meta property=\"og:title\" content=\"Social Responsibility | Campo Viejo\" \/>\n<meta property=\"og:url\" content=\"https:\/\/www.campoviejo.com\/social-responsibility\/\" \/>\n<meta property=\"og:site_name\" content=\"Campo Viejo\" \/>\n<meta property=\"article:modified_time\" content=\"2022-04-27T00:57:03+00:00\" \/>\n<meta name=\"twitter:card\" content=\"summary_large_image\" \/>\n<script type=\"application\/ld+json\" class=\"yoast-schema-graph\">{\"@context\":\"https:\\\/\\\/schema.org\",\"@graph\":[{\"@type\":\"WebPage\",\"@id\":\"https:\\\/\\\/www.campoviejo.com\\\/social-responsibility\\\/\",\"url\":\"https:\\\/\\\/www.campoviejo.com\\\/social-responsibility\\\/\",\"name\":\"Social Responsibility | Campo Viejo\",\"isPartOf\":{\"@id\":\"https:\\\/\\\/www.campoviejo.com\\\/#website\"},\"datePublished\":\"2022-03-24T09:08:44+00:00\",\"dateModified\":\"2022-04-27T00:57:03+00:00\",\"breadcrumb\":{\"@id\":\"https:\\\/\\\/www.campoviejo.com\\\/social-responsibility\\\/#breadcrumb\"},\"inLanguage\":\"es-ES\",\"potentialAction\":[{\"@type\":\"ReadAction\",\"target\":[\"https:\\\/\\\/www.campoviejo.com\\\/social-responsibility\\\/\"]}]},{\"@type\":\"BreadcrumbList\",\"@id\":\"https:\\\/\\\/www.campoviejo.com\\\/social-responsibility\\\/#breadcrumb\",\"itemListElement\":[{\"@type\":\"ListItem\",\"position\":1,\"name\":\"Home\",\"item\":\"https:\\\/\\\/www.campoviejo.com\\\/es\\\/\"},{\"@type\":\"ListItem\",\"position\":2,\"name\":\"Social Responsibility\"}]},{\"@type\":\"WebSite\",\"@id\":\"https:\\\/\\\/www.campoviejo.com\\\/#website\",\"url\":\"https:\\\/\\\/www.campoviejo.com\\\/\",\"name\":\"Campo Viejo\",\"description\":\"\",\"publisher\":{\"@id\":\"https:\\\/\\\/www.campoviejo.com\\\/#organization\"},\"potentialAction\":[{\"@type\":\"SearchAction\",\"target\":{\"@type\":\"EntryPoint\",\"urlTemplate\":\"https:\\\/\\\/www.campoviejo.com\\\/?s={search_term_string}\"},\"query-input\":{\"@type\":\"PropertyValueSpecification\",\"valueRequired\":true,\"valueName\":\"search_term_string\"}}],\"inLanguage\":\"es-ES\"},{\"@type\":\"Organization\",\"@id\":\"https:\\\/\\\/www.campoviejo.com\\\/#organization\",\"name\":\"Campo Viejo Wines\",\"url\":\"https:\\\/\\\/www.campoviejo.com\\\/\",\"logo\":{\"@type\":\"ImageObject\",\"inLanguage\":\"es-ES\",\"@id\":\"https:\\\/\\\/www.campoviejo.com\\\/#\\\/schema\\\/logo\\\/image\\\/\",\"url\":\"https:\\\/\\\/www.campoviejo.com\\\/wp-content\\\/uploads\\\/2021\\\/12\\\/CV-Logo-New-CV-en-PNG-1.png\",\"contentUrl\":\"https:\\\/\\\/www.campoviejo.com\\\/wp-content\\\/uploads\\\/2021\\\/12\\\/CV-Logo-New-CV-en-PNG-1.png\",\"width\":284,\"height\":158,\"caption\":\"Campo Viejo Wines\"},\"image\":{\"@id\":\"https:\\\/\\\/www.campoviejo.com\\\/#\\\/schema\\\/logo\\\/image\\\/\"}}]}<\/script>\n<!-- \/ Yoast SEO plugin. -->","yoast_head_json":{"title":"Social Responsibility | Campo Viejo","robots":{"index":"index","follow":"follow","max-snippet":"max-snippet:-1","max-image-preview":"max-image-preview:large","max-video-preview":"max-video-preview:-1"},"canonical":"https:\/\/www.campoviejo.com\/social-responsibility\/","og_locale":"es_ES","og_type":"article","og_title":"Social Responsibility | Campo Viejo","og_url":"https:\/\/www.campoviejo.com\/social-responsibility\/","og_site_name":"Campo Viejo","article_modified_time":"2022-04-27T00:57:03+00:00","twitter_card":"summary_large_image","schema":{"@context":"https:\/\/schema.org","@graph":[{"@type":"WebPage","@id":"https:\/\/www.campoviejo.com\/social-responsibility\/","url":"https:\/\/www.campoviejo.com\/social-responsibility\/","name":"Social Responsibility | Campo Viejo","isPartOf":{"@id":"https:\/\/www.campoviejo.com\/#website"},"datePublished":"2022-03-24T09:08:44+00:00","dateModified":"2022-04-27T00:57:03+00:00","breadcrumb":{"@id":"https:\/\/www.campoviejo.com\/social-responsibility\/#breadcrumb"},"inLanguage":"es-ES","potentialAction":[{"@type":"ReadAction","target":["https:\/\/www.campoviejo.com\/social-responsibility\/"]}]},{"@type":"BreadcrumbList","@id":"https:\/\/www.campoviejo.com\/social-responsibility\/#breadcrumb","itemListElement":[{"@type":"ListItem","position":1,"name":"Home","item":"https:\/\/www.campoviejo.com\/es\/"},{"@type":"ListItem","position":2,"name":"Social Responsibility"}]},{"@type":"WebSite","@id":"https:\/\/www.campoviejo.com\/#website","url":"https:\/\/www.campoviejo.com\/","name":"Campo Viejo","description":"","publisher":{"@id":"https:\/\/www.campoviejo.com\/#organization"},"potentialAction":[{"@type":"SearchAction","target":{"@type":"EntryPoint","urlTemplate":"https:\/\/www.campoviejo.com\/?s={search_term_string}"},"query-input":{"@type":"PropertyValueSpecification","valueRequired":true,"valueName":"search_term_string"}}],"inLanguage":"es-ES"},{"@type":"Organization","@id":"https:\/\/www.campoviejo.com\/#organization","name":"Campo Viejo Wines","url":"https:\/\/www.campoviejo.com\/","logo":{"@type":"ImageObject","inLanguage":"es-ES","@id":"https:\/\/www.campoviejo.com\/#\/schema\/logo\/image\/","url":"https:\/\/www.campoviejo.com\/wp-content\/uploads\/2021\/12\/CV-Logo-New-CV-en-PNG-1.png","contentUrl":"https:\/\/www.campoviejo.com\/wp-content\/uploads\/2021\/12\/CV-Logo-New-CV-en-PNG-1.png","width":284,"height":158,"caption":"Campo Viejo Wines"},"image":{"@id":"https:\/\/www.campoviejo.com\/#\/schema\/logo\/image\/"}}]}},"_links":{"self":[{"href":"https:\/\/www.campoviejo.com\/es\/wp-json\/wp\/v2\/pages\/11888","targetHints":{"allow":["GET"]}}],"collection":[{"href":"https:\/\/www.campoviejo.com\/es\/wp-json\/wp\/v2\/pages"}],"about":[{"href":"https:\/\/www.campoviejo.com\/es\/wp-json\/wp\/v2\/types\/page"}],"author":[{"embeddable":true,"href":"https:\/\/www.campoviejo.com\/es\/wp-json\/wp\/v2\/users\/39"}],"replies":[{"embeddable":true,"href":"https:\/\/www.campoviejo.com\/es\/wp-json\/wp\/v2\/comments?post=11888"}],"version-history":[{"count":10,"href":"https:\/\/www.campoviejo.com\/es\/wp-json\/wp\/v2\/pages\/11888\/revisions"}],"predecessor-version":[{"id":12051,"href":"https:\/\/www.campoviejo.com\/es\/wp-json\/wp\/v2\/pages\/11888\/revisions\/12051"}],"wp:attachment":[{"href":"https:\/\/www.campoviejo.com\/es\/wp-json\/wp\/v2\/media?parent=11888"}],"curies":[{"name":"wp","href":"https:\/\/api.w.org\/{rel}","templated":true}]}}