{"id":15000,"date":"2023-07-10T06:53:06","date_gmt":"2023-07-10T06:53:06","guid":{"rendered":"https:\/\/www.campoviejo.com\/mister-piro\/"},"modified":"2023-11-13T15:09:56","modified_gmt":"2023-11-13T15:09:56","slug":"mister-piro","status":"publish","type":"page","link":"https:\/\/www.campoviejo.com\/es\/mister-piro\/","title":{"rendered":"Mister Piro"},"content":{"rendered":"<section class=\"block-page-banner  with-breadcrumbs  \" id=\"block_726b77d34fbab706a9b0ebacb8e490d1\" style=\"color: #ffffff; background-color: #000000\">\n    <img fetchpriority=\"high\" decoding=\"async\" width=\"1633\" height=\"768\" src=\"https:\/\/www.campoviejo.com\/wp-content\/uploads\/2023\/10\/mrpiro-hero-1633x768.jpg\" class=\"banner-bg d-none d-md-block pr-lazy-skip\" alt=\"\" loading=\"eager\" srcset=\"https:\/\/www.campoviejo.com\/wp-content\/uploads\/2023\/10\/mrpiro-hero-1633x768.jpg 1633w, https:\/\/www.campoviejo.com\/wp-content\/uploads\/2023\/10\/mrpiro-hero-300x141.jpg 300w, https:\/\/www.campoviejo.com\/wp-content\/uploads\/2023\/10\/mrpiro-hero-1024x482.jpg 1024w, https:\/\/www.campoviejo.com\/wp-content\/uploads\/2023\/10\/mrpiro-hero-768x361.jpg 768w, https:\/\/www.campoviejo.com\/wp-content\/uploads\/2023\/10\/mrpiro-hero-1536x722.jpg 1536w, https:\/\/www.campoviejo.com\/wp-content\/uploads\/2023\/10\/mrpiro-hero-239x112.jpg 239w, https:\/\/www.campoviejo.com\/wp-content\/uploads\/2023\/10\/mrpiro-hero-324x152.jpg 324w, https:\/\/www.campoviejo.com\/wp-content\/uploads\/2023\/10\/mrpiro-hero-146x69.jpg 146w, https:\/\/www.campoviejo.com\/wp-content\/uploads\/2023\/10\/mrpiro-hero-234x110.jpg 234w, https:\/\/www.campoviejo.com\/wp-content\/uploads\/2023\/10\/mrpiro-hero-197x93.jpg 197w, https:\/\/www.campoviejo.com\/wp-content\/uploads\/2023\/10\/mrpiro-hero-1212x570.jpg 1212w, https:\/\/www.campoviejo.com\/wp-content\/uploads\/2023\/10\/mrpiro-hero-1914x900.jpg 1914w, https:\/\/www.campoviejo.com\/wp-content\/uploads\/2023\/10\/mrpiro-hero-824x388.jpg 824w, https:\/\/www.campoviejo.com\/wp-content\/uploads\/2023\/10\/mrpiro-hero-375x176.jpg 375w, https:\/\/www.campoviejo.com\/wp-content\/uploads\/2023\/10\/mrpiro-hero.jpg 1920w\" sizes=\"(max-width: 1633px) 100vw, 1633px\" \/><img decoding=\"async\" width=\"375\" height=\"550\" src=\"https:\/\/www.campoviejo.com\/wp-content\/uploads\/2023\/10\/mrpiro-hero-mb.jpg\" class=\"banner-bg d-md-none pr-lazy-skip\" alt=\"\" loading=\"eager\" srcset=\"https:\/\/www.campoviejo.com\/wp-content\/uploads\/2023\/10\/mrpiro-hero-mb.jpg 375w, https:\/\/www.campoviejo.com\/wp-content\/uploads\/2023\/10\/mrpiro-hero-mb-205x300.jpg 205w, https:\/\/www.campoviejo.com\/wp-content\/uploads\/2023\/10\/mrpiro-hero-mb-91x134.jpg 91w, https:\/\/www.campoviejo.com\/wp-content\/uploads\/2023\/10\/mrpiro-hero-mb-229x336.jpg 229w, https:\/\/www.campoviejo.com\/wp-content\/uploads\/2023\/10\/mrpiro-hero-mb-146x214.jpg 146w, https:\/\/www.campoviejo.com\/wp-content\/uploads\/2023\/10\/mrpiro-hero-mb-234x343.jpg 234w, https:\/\/www.campoviejo.com\/wp-content\/uploads\/2023\/10\/mrpiro-hero-mb-197x289.jpg 197w\" sizes=\"(max-width: 375px) 100vw, 375px\" \/>    <div class=\"container\">\n        <div class=\"row\">\n            <div class=\"col-12\">\n                <div class=\"banner-content\">\n                                                                            <\/div>\n            <\/div>\n        <\/div>\n    <\/div>\n<\/section>\n<section class=\"breadcrumbs-wrapper\">\n    <div class=\"container\">\n        <div class=\"row\">\n            <div class=\"col-12\">\n                <p id=\"breadcrumbs\">\n                    <span>\n                        <span>\n                                                            <a href=\"https:\/\/www.campoviejo.com\">Home<\/a>\n                                <span class=\"separator\">|<\/span>\n                                <strong class=\"breadcrumb_last\" aria-current=\"page\"><\/strong>\n                                                    <\/span>\n                    <\/span>\n                <\/p>\n            <\/div>\n        <\/div>\n    <\/div>\n<\/section>\n\n<div class='block-text-no-format pt-5'><div id=\"mrpiro-intro\" class=\"content-wrapper\">\r\n                                            <h1 class=\"section-heading\" style=\"color: #931234;\">CAMPO VIEJO BY MISTERPIRO<\/h2>                    \r\n                                            <div class=\"default-content desc\" style=\"color: #000000;\">\r\n                            <p>Campo Viejo Reserva Pasi\u00f3n Edici\u00f3n Ltd es el inicio de un nuevo camino de desarrollo en la relaci\u00f3n de Campo Viejo y la actualidad, donde el arte y el vino se han fusionado a trav\u00e9s del impulso de creaci\u00f3n.<\/p>\r\n                        <\/div>                   \r\n<\/div>\r\n\r\n<\/div>\n\n    <div class=\"block-video-list \" id=\"block_ae83d97723eba53717c2669e9c5e827a\">\n        <div class=\"container\">\n                                        <div class=\"video-embed-list\">\n                                            <div class=\"video-wrapper\">\n                            <iframe loading=\"lazy\" title=\"Campo Viejo x Misterpiro\" width=\"640\" height=\"360\" src=\"https:\/\/www.youtube.com\/embed\/f2GG84aoUbw?feature=oembed\" frameborder=\"0\" allow=\"accelerometer; autoplay; clipboard-write; encrypted-media; gyroscope; picture-in-picture; web-share\" referrerpolicy=\"strict-origin-when-cross-origin\" allowfullscreen><\/iframe>                        <\/div>\n                                    <\/div>\n                    <\/div>\n    <\/div>\n\n\n<section class=\"block-text-content-with-image\" id=\"block_9cacbd71c9f7a5b7a046d39ab7d37203\" style=\"background-color: #ffffff; color: ;\">\n    <div class=\"container\">\n        <div class=\"row align-items-center left-content-right-img\">\n            <div class=\"col-12 col-lg-6 col-content\">\n                <div class=\"content-wrapper\">\n                                            <h2 class='section-heading'  style='color: #931234;' >\u201cinspirado por la tierra, el cielo y las vi\u00f1as\u201d <\/h2>                    \n                                            <div class=\"default-content desc\" style=\"color: #000000;\">\n                            <p>El artista inspir\u00e1ndose en el cielo, la tierra y las vi\u00f1as ha generado una obra \u00fanica de car\u00e1cter sinest\u00e9sico que busca generar una sinfon\u00eda de sensaciones.<br \/>\nEn la intimidad de su estudio y tras su trabajo de campo, dio libertad a su proceso creativo: &#8220;las emociones e ideas fueron confluyendo en trazos, pinceladas y texturas, la tierra apareci\u00f3 de forma abrupta en tierras y ocres, el cielo de forma pl\u00e1stica en toda su gama crom\u00e1tica, atardeceres y amaneceres sobre la uva y todos sus colores&#8221;. Los toques y las texturas fueron apareciendo durante varios d\u00edas, para dar vida a esta obra.<br \/>\nDesde la pl\u00e1stica a lo digital, la obra fue adapt\u00e1ndose a la que ser\u00eda su medio, la botella, en donde se desarrolla de forma natural a trav\u00e9s de su forma, generando equilibrio en su composici\u00f3n y la propia creaci\u00f3n del vino y del artista.<\/p>\n                        <\/div>\n                    \n                                    <\/div>\n            <\/div>\n            <div class=\"col-12 col-lg-6 col-image\">\n                <img loading=\"lazy\" decoding=\"async\" width=\"658\" height=\"631\" src=\"https:\/\/www.campoviejo.com\/wp-content\/uploads\/2023\/10\/mrpiro-inspiration.png\" class=\"featured-img\" alt=\"\" srcset=\"https:\/\/www.campoviejo.com\/wp-content\/uploads\/2023\/10\/mrpiro-inspiration.png 658w, https:\/\/www.campoviejo.com\/wp-content\/uploads\/2023\/10\/mrpiro-inspiration-300x288.png 300w, https:\/\/www.campoviejo.com\/wp-content\/uploads\/2023\/10\/mrpiro-inspiration-140x134.png 140w, https:\/\/www.campoviejo.com\/wp-content\/uploads\/2023\/10\/mrpiro-inspiration-324x311.png 324w, https:\/\/www.campoviejo.com\/wp-content\/uploads\/2023\/10\/mrpiro-inspiration-146x140.png 146w, https:\/\/www.campoviejo.com\/wp-content\/uploads\/2023\/10\/mrpiro-inspiration-234x224.png 234w, https:\/\/www.campoviejo.com\/wp-content\/uploads\/2023\/10\/mrpiro-inspiration-197x189.png 197w, https:\/\/www.campoviejo.com\/wp-content\/uploads\/2023\/10\/mrpiro-inspiration-647x620.png 647w, https:\/\/www.campoviejo.com\/wp-content\/uploads\/2023\/10\/mrpiro-inspiration-375x360.png 375w\" sizes=\"auto, (max-width: 658px) 100vw, 658px\" \/>            <\/div>\n        <\/div>\n    <\/div>\n<\/section>\n\n<section class=\"block-text-content-with-image\" id=\"block_b31ee8cf2fd62f77865f9e87ef5fbe73\" style=\"background-color: #ffffff; color: ;\">\n    <div class=\"container\">\n        <div class=\"row align-items-center left-img-right-content\">\n            <div class=\"col-12 col-lg-6 col-content\">\n                <div class=\"content-wrapper\">\n                                            <h2 class='section-heading'  style='color: #931234;' >\u201cun vino que destaca\u201d<\/h2>                    \n                                            <div class=\"default-content desc\" style=\"color: #000000;\">\n                            <p>Es un vino que destaca por su expresividad. Una referencia que vibra al ritmo y del mismo modo que la obra del artista extreme\u00f1o Andr\u00e9s S\u00e1nchez, alias Misterpiro, conocido por su curiosidad creativa y su lenguaje expresionista: lleno de color, texturas y vida.<br \/>\nCompartiendo estos mismos valores y con la Pasi\u00f3n como v\u00ednculo com\u00fan entre los dos, Misterpiro ha dise\u00f1ado la nueva botella y etiqueta de Reserva Pasi\u00f3n Ltd. Edition, capturando el estilo contempor\u00e1neo y vibrante de este vino tan especial, creado a trav\u00e9s de una filosof\u00eda enol\u00f3gica innovadora.<\/p>\n                        <\/div>\n                    \n                                    <\/div>\n            <\/div>\n            <div class=\"col-12 col-lg-6 col-image\">\n                <img loading=\"lazy\" decoding=\"async\" width=\"690\" height=\"536\" src=\"https:\/\/www.campoviejo.com\/wp-content\/uploads\/2023\/10\/mrpiro-wine.png\" class=\"featured-img\" alt=\"\" srcset=\"https:\/\/www.campoviejo.com\/wp-content\/uploads\/2023\/10\/mrpiro-wine.png 713w, https:\/\/www.campoviejo.com\/wp-content\/uploads\/2023\/10\/mrpiro-wine-300x233.png 300w, https:\/\/www.campoviejo.com\/wp-content\/uploads\/2023\/10\/mrpiro-wine-172x134.png 172w, https:\/\/www.campoviejo.com\/wp-content\/uploads\/2023\/10\/mrpiro-wine-324x252.png 324w, https:\/\/www.campoviejo.com\/wp-content\/uploads\/2023\/10\/mrpiro-wine-146x113.png 146w, https:\/\/www.campoviejo.com\/wp-content\/uploads\/2023\/10\/mrpiro-wine-234x182.png 234w, https:\/\/www.campoviejo.com\/wp-content\/uploads\/2023\/10\/mrpiro-wine-197x153.png 197w, https:\/\/www.campoviejo.com\/wp-content\/uploads\/2023\/10\/mrpiro-wine-375x291.png 375w\" sizes=\"auto, (max-width: 690px) 100vw, 690px\" \/>            <\/div>\n        <\/div>\n    <\/div>\n<\/section>\n\n<div class='block-text-no-format pt-5'><div class=\"content-rrss\">\r\n<p>Comparte este art\u00edculo<\/p>\r\n<ul class=\"social-media\">\r\n                                                                            <li><a href=\"https:\/\/www.facebook.com\/CampoViejo\" target=\"_blank\" aria-label=\"social media link\"><svg class=\"svg-inline--fa fa-facebook-f fa-w-10\" aria-hidden=\"true\" focusable=\"false\" data-prefix=\"fab\" data-icon=\"facebook-f\" role=\"img\" xmlns=\"http:\/\/www.w3.org\/2000\/svg\" viewBox=\"0 0 320 512\" data-fa-i2svg=\"\"><path fill=\"currentColor\" d=\"M279.14 288l14.22-92.66h-88.91v-60.13c0-25.35 12.42-50.06 52.24-50.06h40.42V6.26S260.43 0 225.36 0c-73.22 0-121.08 44.38-121.08 124.72v70.62H22.89V288h81.39v224h100.17V288z\"><\/path><\/svg><!-- <i class=\"fab fa-facebook-f\"><\/i> --><\/a><\/li>\r\n                                                                            <li><a href=\"https:\/\/www.instagram.com\/campoviejo\/\" target=\"_blank\" aria-label=\"social media link\"><svg class=\"svg-inline--fa fa-instagram fa-w-14\" aria-hidden=\"true\" focusable=\"false\" data-prefix=\"fab\" data-icon=\"instagram\" role=\"img\" xmlns=\"http:\/\/www.w3.org\/2000\/svg\" viewBox=\"0 0 448 512\" data-fa-i2svg=\"\"><path fill=\"currentColor\" d=\"M224.1 141c-63.6 0-114.9 51.3-114.9 114.9s51.3 114.9 114.9 114.9S339 319.5 339 255.9 287.7 141 224.1 141zm0 189.6c-41.1 0-74.7-33.5-74.7-74.7s33.5-74.7 74.7-74.7 74.7 33.5 74.7 74.7-33.6 74.7-74.7 74.7zm146.4-194.3c0 14.9-12 26.8-26.8 26.8-14.9 0-26.8-12-26.8-26.8s12-26.8 26.8-26.8 26.8 12 26.8 26.8zm76.1 27.2c-1.7-35.9-9.9-67.7-36.2-93.9-26.2-26.2-58-34.4-93.9-36.2-37-2.1-147.9-2.1-184.9 0-35.8 1.7-67.6 9.9-93.9 36.1s-34.4 58-36.2 93.9c-2.1 37-2.1 147.9 0 184.9 1.7 35.9 9.9 67.7 36.2 93.9s58 34.4 93.9 36.2c37 2.1 147.9 2.1 184.9 0 35.9-1.7 67.7-9.9 93.9-36.2 26.2-26.2 34.4-58 36.2-93.9 2.1-37 2.1-147.8 0-184.8zM398.8 388c-7.8 19.6-22.9 34.7-42.6 42.6-29.5 11.7-99.5 9-132.1 9s-102.7 2.6-132.1-9c-19.6-7.8-34.7-22.9-42.6-42.6-11.7-29.5-9-99.5-9-132.1s-2.6-102.7 9-132.1c7.8-19.6 22.9-34.7 42.6-42.6 29.5-11.7 99.5-9 132.1-9s102.7-2.6 132.1 9c19.6 7.8 34.7 22.9 42.6 42.6 11.7 29.5 9 99.5 9 132.1s2.7 102.7-9 132.1z\"><\/path><\/svg><!-- <i class=\"fab fa-instagram\"><\/i> --><\/a><\/li>\r\n\r\n                                                                            <li><a href=\"https:\/\/www.youtube.com\/user\/campoviejowines\" target=\"_blank\" aria-label=\"social media link\"><svg class=\"svg-inline--fa fa-youtube fa-w-18\" aria-hidden=\"true\" focusable=\"false\" data-prefix=\"fab\" data-icon=\"youtube\" role=\"img\" xmlns=\"http:\/\/www.w3.org\/2000\/svg\" viewBox=\"0 0 576 512\" data-fa-i2svg=\"\"><path fill=\"currentColor\" d=\"M549.655 124.083c-6.281-23.65-24.787-42.276-48.284-48.597C458.781 64 288 64 288 64S117.22 64 74.629 75.486c-23.497 6.322-42.003 24.947-48.284 48.597-11.412 42.867-11.412 132.305-11.412 132.305s0 89.438 11.412 132.305c6.281 23.65 24.787 41.5 48.284 47.821C117.22 448 288 448 288 448s170.78 0 213.371-11.486c23.497-6.321 42.003-24.171 48.284-47.821 11.412-42.867 11.412-132.305 11.412-132.305s0-89.438-11.412-132.305zm-317.51 213.508V175.185l142.739 81.205-142.739 81.201z\"><\/path><\/svg><!-- <i class=\"fab fa-youtube\"><\/i> --><\/a><\/li>\r\n                                                                    <\/ul>\r\n\r\n\r\n<\/div><\/div>\n\n<div class='block-text-no-format pt-5'><div class=\"recipes-container\">\r\n  <h3 class=\"recipes-title\">Last news<\/h3>  \r\n<div class=\"recipes\">\r\n  \r\n  <div class=\"recipe\">\r\n            <img decoding=\"async\" src=\"  https:\/\/www.campoviejo.com\/wp-content\/uploads\/2021\/12\/cv_picnictapas_header-542x227.jpg\" alt=\"\" title=\"\"\/>\r\n    <span class=\"recipe-head\">Receta<\/span>\r\n    <h4 class=\"recipe-title\">Three tapas dishes for the perfect Spanish picnic<\/h4>\r\n    <a class=\"btn\" href=\"https:\/\/www.campoviejo.com\/recipes\/three-tapas-dishes-for-the-perfect-spanish-picnic\/\">leer m\u00e1s<\/a>\r\n  <\/div>\r\n  <div class=\"recipe\">\r\n        <img decoding=\"async\" src=\"https:\/\/www.campoviejo.com\/wp-content\/uploads\/2022\/01\/Spicy-Spanish-Potatoes-768x512.jpg\" alt=\"\" title=\"\"\/>\r\n    <span class=\"recipe-head\">Receta<\/span>\r\n    <h4 class=\"recipe-title\">Patatas Bravas (Spicy Spanish potatoes)<\/h4>\r\n    <a class=\"btn\" href=\"https:\/\/www.campoviejo.com\/recipes\/patatas-bravas-spicy-spanish-potatoes\/\">leer m\u00e1s<\/a>\r\n  <\/div>\r\n  <div class=\"recipe\">\r\n    \r\n            <img decoding=\"async\" src=\"https:\/\/www.campoviejo.com\/wp-content\/uploads\/2022\/01\/honeytoast-768x512.jpg\" alt=\"\" title=\"\"\/>\r\n    <span class=\"recipe-head\">Receta<\/span>\r\n    <h4 class=\"recipe-title\">Spanish Easter sweets worth gathering over<\/h4>\r\n    \r\n    <a class=\"btn\" href=\"https:\/\/www.campoviejo.com\/recipes\/spanish-easter-sweets-worth-gathering-over\/\">leer m\u00e1s<\/a>\r\n  <\/div>\r\n  \r\n<\/div>\r\n<\/div><\/div>\n\n<div class='block-text-no-format pt-5'><style>\r\n\r\n#comingsoon{\r\nmin-height: 100vh;\r\nheight: 100vh;\r\nbackground: url(\"https:\/\/www.campoviejo.com\/wp-content\/uploads\/2023\/07\/coming_soon_mobile.png\");\r\nbackground-size: cover;\r\nbackground-position: center center;\r\n}\r\n\r\n#comingsoon .col-12{\r\ntext-align: center;\r\ncolor: white;\r\nmax-width: 80%;\r\nmargin: 0 auto;\r\n}\r\n\r\n#comingsoon .btn-cteal{\r\n    border: 0.1875rem solid #98002e!important;\r\n    background: #98002e!important;\r\npadding: 6px 12px;\r\nborder-radius: 8px;\r\ncolor: white;\r\ntext-decoration: none;\r\nmax-width: 200px;\r\ntext-align: center;\r\ndisplay: block;\r\nmargin: 0 auto;\r\n}\r\n\r\n#comingsoon + .pt-5{\r\npadding-top: 0!important\r\n}\r\n\r\n@media screen and (min-width: 600px){\r\n#comingsoon .col-12{\r\nmax-width: 360px;\r\n\r\n}\r\n}\r\n\r\n@media screen and (min-width: 1024px){\r\n\r\n#comingsoon{\r\n background: url(\"https:\/\/www.campoviejo.com\/wp-content\/uploads\/2023\/07\/coming_soon_dk-1.png\");\r\nbackground-size: cover;\r\nbackground-position: center center;\r\n}\r\n}\r\n\r\n\r\n.block-video-list .container{\r\nmax-width: 1440px;\r\npadding: 0;\r\n}\r\n.block-video-list .container .video-embed-list{\r\nmax-width: 1440px;\r\n}\r\n\r\n.content-rrss{\r\ncolor: #000;\r\ntext-align: center;\r\nfont-family: Overpass;\r\nfont-size: 18px;\r\nfont-style: normal;\r\nfont-weight: 400;\r\nline-height: normal;\r\n}\r\n\r\n.content-rrss ul.social-media li a  {\r\ncolor: #bd1825;\r\nbackground: #bd1825;\r\n\r\n}\r\n\r\n.content-rrss ul.social-media li a:hover{\r\ncolor: #7c170f;\r\nbackground: #7c170f;\r\n}\r\n\r\n#mrpiro-intro{\r\n   display: block;\r\nmax-width: 360px;\r\nmargin: 0 auto;\r\nmargin-top: -3rem;\r\n}\r\n\r\n#mrpiro-intro h1{\r\ncolor:  #BD1825;\r\ntext-align: center;\r\nfont-size: 40px;\r\nfont-weight: 600;\r\nline-height: 1;\r\ntext-transform: uppercase;\r\nmargin-top: 40px;\r\n}\r\n\r\n#mrpiro-intro p{\r\nmargin-top: 40px;\r\nmargin-bottom: 40px!important;\r\ncolor: #000;\r\n\r\ntext-align: center;\r\n\r\nfont-size: 16px;\r\nfont-weight: 400;\r\nline-height: 2; \r\n}\r\n\r\n#block_4174d77489a8b7910b778dcad61a4a58,\r\n#block_d529b3df88853fc5538b16ed04a709de{\r\nwidth: calc(100% - 40px);\r\n\r\nmargin: 0 auto;\r\n}\r\n\r\n\r\n#block_4174d77489a8b7910b778dcad61a4a58 .section-heading,\r\n#block_d529b3df88853fc5538b16ed04a709de .section-heading{\r\nfont-size: 40px;\r\nfont-weight: 600;\r\nline-height: 40px; \/* 100% *\/\r\ntext-transform: uppercase;\r\n}\r\n\r\n#block_4174d77489a8b7910b778dcad61a4a58 p,\r\n#block_d529b3df88853fc5538b16ed04a709de p{\r\nfont-size: 16px;\r\nline-height: 2;\r\n}\r\n\r\n\r\n@media screen and (min-width: 768px){\r\n#mrpiro-intro{\r\nmax-width: 768px;\r\n}\r\n\r\n#mrpiro-intro h1{\r\nmargin-top: 80px;\r\n}\r\n\r\n#mrpiro-intro p{\r\nmargin-top: 20px;\r\nmargin-bottom: 80px;\r\n}\r\n\r\n}\r\n\r\n\r\n.recipes-container{\r\ndisplay: block;\r\nwidth: 100%;\r\nmax-width: 1440px;\r\nmargin: 0 auto;\r\n  padding: 0 20px;\r\n}\r\n.recipes{\r\n  display: flex;\r\n  max-width: 1440px;\r\n\r\n\r\n}\r\n\r\n.recipe{\r\nmargin-bottom: 40px;\r\n}\r\n\r\n.recipes-title{\r\n  color: #BD1825;\r\n  font-family: CampoViejo;\r\n  font-size: 40px;\r\n  font-weight: 600;\r\n  line-height: 40px; \/* 100% *\/\r\n  text-transform: uppercase;\r\n}\r\n\r\n.recipe img{\r\n\r\nwidth: 100%;\r\naspect-ratio: 328\/251;\r\nobject-fit: cover;\r\n  \r\n}\r\n\r\n.recipe-head{\r\ncolor: #7C170F;\r\nfont-family: Overpass;\r\nfont-size: 18px;\r\nfont-style: normal;\r\nfont-weight: 400;\r\nline-height: 34px; \/* 188.889% *\/\r\ntext-transform: uppercase;\r\n}\r\n\r\n.recipe-title{\r\ncolor: #000;\r\n\r\n\/* Body Bold *\/\r\nfont-family: Overpass;\r\nfont-size: 18px;\r\nfont-style: normal;\r\nfont-weight: 800;\r\nline-height: 34px;  \r\nmin-height: 68px\r\n}\r\n\r\n.recipe .btn{\r\n  display: inline-flex;\r\npadding: 16px 32px;\r\nalign-items: flex-start;\r\ngap: 32px;\r\n  border-radius: 8px;\r\nborder: 3px solid #98002E;\r\n  \r\n  color: #98002E;\r\n\r\n\/* Button text *\/\r\nfont-family: Overpass;\r\nfont-size: 18px;\r\nfont-style: normal;\r\nfont-weight: 700;\r\nline-height: normal;\r\ntext-transform: uppercase;\r\n  text-decoration: none\r\n}\r\n\r\n.recipe .btn:hover,\r\n.recipe .btn:active,\r\n.recipe .btn:focus\r\n{\r\nbackground-color:   #98002E;\r\ncolor: white;\r\ntransition: all 0.2 ease;\r\n}\r\n\r\n@media screen and (max-width: 768px){\r\n.recipes{\r\nflex-direction: row;\r\nflex-wrap: wrap;\r\n}\r\n\r\n.recipe{\r\n}\r\n\r\n}\r\n@media screen and (min-width: 768px){\r\n  .recipes{\r\n    gap: 10px;\r\n  }\r\n  .recipe{\r\n    width: 33.33%;\r\n    \r\n  }\r\n}\r\n\r\n<\/style><\/div>","protected":false},"excerpt":{"rendered":"","protected":false},"author":39,"featured_media":0,"parent":0,"menu_order":0,"comment_status":"closed","ping_status":"closed","template":"","meta":{"_acf_changed":false,"footnotes":""},"class_list":["post-15000","page","type-page","status-publish","hentry"],"acf":[],"yoast_head":"<!-- This site is optimized with the Yoast SEO plugin v27.4 - https:\/\/yoast.com\/product\/yoast-seo-wordpress\/ -->\n<title>Mister Piro | Campo Viejo<\/title>\n<meta name=\"robots\" content=\"index, follow, max-snippet:-1, max-image-preview:large, max-video-preview:-1\" \/>\n<link rel=\"canonical\" href=\"https:\/\/www.campoviejo.com\/mister-piro\/\" \/>\n<meta property=\"og:locale\" content=\"es_ES\" \/>\n<meta property=\"og:type\" content=\"article\" \/>\n<meta property=\"og:title\" content=\"Mister Piro | Campo Viejo\" \/>\n<meta property=\"og:url\" content=\"https:\/\/www.campoviejo.com\/mister-piro\/\" \/>\n<meta property=\"og:site_name\" content=\"Campo Viejo\" \/>\n<meta property=\"article:modified_time\" content=\"2023-11-13T15:09:56+00:00\" \/>\n<meta name=\"twitter:card\" content=\"summary_large_image\" \/>\n<script type=\"application\/ld+json\" class=\"yoast-schema-graph\">{\"@context\":\"https:\\\/\\\/schema.org\",\"@graph\":[{\"@type\":\"WebPage\",\"@id\":\"https:\\\/\\\/www.campoviejo.com\\\/mister-piro\\\/\",\"url\":\"https:\\\/\\\/www.campoviejo.com\\\/mister-piro\\\/\",\"name\":\"Mister Piro | Campo Viejo\",\"isPartOf\":{\"@id\":\"https:\\\/\\\/www.campoviejo.com\\\/#website\"},\"datePublished\":\"2023-07-10T06:53:06+00:00\",\"dateModified\":\"2023-11-13T15:09:56+00:00\",\"breadcrumb\":{\"@id\":\"https:\\\/\\\/www.campoviejo.com\\\/mister-piro\\\/#breadcrumb\"},\"inLanguage\":\"es-ES\",\"potentialAction\":[{\"@type\":\"ReadAction\",\"target\":[\"https:\\\/\\\/www.campoviejo.com\\\/mister-piro\\\/\"]}]},{\"@type\":\"BreadcrumbList\",\"@id\":\"https:\\\/\\\/www.campoviejo.com\\\/mister-piro\\\/#breadcrumb\",\"itemListElement\":[{\"@type\":\"ListItem\",\"position\":1,\"name\":\"Home\",\"item\":\"https:\\\/\\\/www.campoviejo.com\\\/es\\\/\"},{\"@type\":\"ListItem\",\"position\":2,\"name\":\"Mister Piro\"}]},{\"@type\":\"WebSite\",\"@id\":\"https:\\\/\\\/www.campoviejo.com\\\/#website\",\"url\":\"https:\\\/\\\/www.campoviejo.com\\\/\",\"name\":\"Campo Viejo\",\"description\":\"\",\"publisher\":{\"@id\":\"https:\\\/\\\/www.campoviejo.com\\\/#organization\"},\"potentialAction\":[{\"@type\":\"SearchAction\",\"target\":{\"@type\":\"EntryPoint\",\"urlTemplate\":\"https:\\\/\\\/www.campoviejo.com\\\/?s={search_term_string}\"},\"query-input\":{\"@type\":\"PropertyValueSpecification\",\"valueRequired\":true,\"valueName\":\"search_term_string\"}}],\"inLanguage\":\"es-ES\"},{\"@type\":\"Organization\",\"@id\":\"https:\\\/\\\/www.campoviejo.com\\\/#organization\",\"name\":\"Campo Viejo Wines\",\"url\":\"https:\\\/\\\/www.campoviejo.com\\\/\",\"logo\":{\"@type\":\"ImageObject\",\"inLanguage\":\"es-ES\",\"@id\":\"https:\\\/\\\/www.campoviejo.com\\\/#\\\/schema\\\/logo\\\/image\\\/\",\"url\":\"https:\\\/\\\/www.campoviejo.com\\\/wp-content\\\/uploads\\\/2021\\\/12\\\/CV-Logo-New-CV-en-PNG-1.png\",\"contentUrl\":\"https:\\\/\\\/www.campoviejo.com\\\/wp-content\\\/uploads\\\/2021\\\/12\\\/CV-Logo-New-CV-en-PNG-1.png\",\"width\":284,\"height\":158,\"caption\":\"Campo Viejo Wines\"},\"image\":{\"@id\":\"https:\\\/\\\/www.campoviejo.com\\\/#\\\/schema\\\/logo\\\/image\\\/\"}}]}<\/script>\n<!-- \/ Yoast SEO plugin. -->","yoast_head_json":{"title":"Mister Piro | Campo Viejo","robots":{"index":"index","follow":"follow","max-snippet":"max-snippet:-1","max-image-preview":"max-image-preview:large","max-video-preview":"max-video-preview:-1"},"canonical":"https:\/\/www.campoviejo.com\/mister-piro\/","og_locale":"es_ES","og_type":"article","og_title":"Mister Piro | Campo Viejo","og_url":"https:\/\/www.campoviejo.com\/mister-piro\/","og_site_name":"Campo Viejo","article_modified_time":"2023-11-13T15:09:56+00:00","twitter_card":"summary_large_image","schema":{"@context":"https:\/\/schema.org","@graph":[{"@type":"WebPage","@id":"https:\/\/www.campoviejo.com\/mister-piro\/","url":"https:\/\/www.campoviejo.com\/mister-piro\/","name":"Mister Piro | Campo Viejo","isPartOf":{"@id":"https:\/\/www.campoviejo.com\/#website"},"datePublished":"2023-07-10T06:53:06+00:00","dateModified":"2023-11-13T15:09:56+00:00","breadcrumb":{"@id":"https:\/\/www.campoviejo.com\/mister-piro\/#breadcrumb"},"inLanguage":"es-ES","potentialAction":[{"@type":"ReadAction","target":["https:\/\/www.campoviejo.com\/mister-piro\/"]}]},{"@type":"BreadcrumbList","@id":"https:\/\/www.campoviejo.com\/mister-piro\/#breadcrumb","itemListElement":[{"@type":"ListItem","position":1,"name":"Home","item":"https:\/\/www.campoviejo.com\/es\/"},{"@type":"ListItem","position":2,"name":"Mister Piro"}]},{"@type":"WebSite","@id":"https:\/\/www.campoviejo.com\/#website","url":"https:\/\/www.campoviejo.com\/","name":"Campo Viejo","description":"","publisher":{"@id":"https:\/\/www.campoviejo.com\/#organization"},"potentialAction":[{"@type":"SearchAction","target":{"@type":"EntryPoint","urlTemplate":"https:\/\/www.campoviejo.com\/?s={search_term_string}"},"query-input":{"@type":"PropertyValueSpecification","valueRequired":true,"valueName":"search_term_string"}}],"inLanguage":"es-ES"},{"@type":"Organization","@id":"https:\/\/www.campoviejo.com\/#organization","name":"Campo Viejo Wines","url":"https:\/\/www.campoviejo.com\/","logo":{"@type":"ImageObject","inLanguage":"es-ES","@id":"https:\/\/www.campoviejo.com\/#\/schema\/logo\/image\/","url":"https:\/\/www.campoviejo.com\/wp-content\/uploads\/2021\/12\/CV-Logo-New-CV-en-PNG-1.png","contentUrl":"https:\/\/www.campoviejo.com\/wp-content\/uploads\/2021\/12\/CV-Logo-New-CV-en-PNG-1.png","width":284,"height":158,"caption":"Campo Viejo Wines"},"image":{"@id":"https:\/\/www.campoviejo.com\/#\/schema\/logo\/image\/"}}]}},"_links":{"self":[{"href":"https:\/\/www.campoviejo.com\/es\/wp-json\/wp\/v2\/pages\/15000","targetHints":{"allow":["GET"]}}],"collection":[{"href":"https:\/\/www.campoviejo.com\/es\/wp-json\/wp\/v2\/pages"}],"about":[{"href":"https:\/\/www.campoviejo.com\/es\/wp-json\/wp\/v2\/types\/page"}],"author":[{"embeddable":true,"href":"https:\/\/www.campoviejo.com\/es\/wp-json\/wp\/v2\/users\/39"}],"replies":[{"embeddable":true,"href":"https:\/\/www.campoviejo.com\/es\/wp-json\/wp\/v2\/comments?post=15000"}],"version-history":[{"count":68,"href":"https:\/\/www.campoviejo.com\/es\/wp-json\/wp\/v2\/pages\/15000\/revisions"}],"predecessor-version":[{"id":15809,"href":"https:\/\/www.campoviejo.com\/es\/wp-json\/wp\/v2\/pages\/15000\/revisions\/15809"}],"wp:attachment":[{"href":"https:\/\/www.campoviejo.com\/es\/wp-json\/wp\/v2\/media?parent=15000"}],"curies":[{"name":"wp","href":"https:\/\/api.w.org\/{rel}","templated":true}]}}