{"id":15581,"date":"2023-10-25T06:32:41","date_gmt":"2023-10-25T06:32:41","guid":{"rendered":"https:\/\/www.campoviejo.com\/casa-pasion\/"},"modified":"2023-11-13T15:08:33","modified_gmt":"2023-11-13T15:08:33","slug":"casa-pasion","status":"publish","type":"page","link":"https:\/\/www.campoviejo.com\/es\/casa-pasion\/","title":{"rendered":"Casa Pasi\u00f3n"},"content":{"rendered":"<section class=\"block-page-banner  \" id=\"block_f60f34d016e182f47b5677f913516162\" style=\"color: #ffffff; background-color: #000000\">\n    <img fetchpriority=\"high\" decoding=\"async\" width=\"1633\" height=\"768\" src=\"https:\/\/www.campoviejo.com\/wp-content\/uploads\/2023\/10\/casapasion-hero-1633x768.jpg\" class=\"banner-bg d-none d-md-block pr-lazy-skip\" alt=\"\" loading=\"eager\" srcset=\"https:\/\/www.campoviejo.com\/wp-content\/uploads\/2023\/10\/casapasion-hero-1633x768.jpg 1633w, https:\/\/www.campoviejo.com\/wp-content\/uploads\/2023\/10\/casapasion-hero-300x141.jpg 300w, https:\/\/www.campoviejo.com\/wp-content\/uploads\/2023\/10\/casapasion-hero-1024x482.jpg 1024w, https:\/\/www.campoviejo.com\/wp-content\/uploads\/2023\/10\/casapasion-hero-768x361.jpg 768w, https:\/\/www.campoviejo.com\/wp-content\/uploads\/2023\/10\/casapasion-hero-1536x722.jpg 1536w, https:\/\/www.campoviejo.com\/wp-content\/uploads\/2023\/10\/casapasion-hero-239x112.jpg 239w, https:\/\/www.campoviejo.com\/wp-content\/uploads\/2023\/10\/casapasion-hero-324x152.jpg 324w, https:\/\/www.campoviejo.com\/wp-content\/uploads\/2023\/10\/casapasion-hero-146x69.jpg 146w, https:\/\/www.campoviejo.com\/wp-content\/uploads\/2023\/10\/casapasion-hero-234x110.jpg 234w, https:\/\/www.campoviejo.com\/wp-content\/uploads\/2023\/10\/casapasion-hero-197x93.jpg 197w, https:\/\/www.campoviejo.com\/wp-content\/uploads\/2023\/10\/casapasion-hero-1212x570.jpg 1212w, https:\/\/www.campoviejo.com\/wp-content\/uploads\/2023\/10\/casapasion-hero-1914x900.jpg 1914w, https:\/\/www.campoviejo.com\/wp-content\/uploads\/2023\/10\/casapasion-hero-824x388.jpg 824w, https:\/\/www.campoviejo.com\/wp-content\/uploads\/2023\/10\/casapasion-hero-375x176.jpg 375w, https:\/\/www.campoviejo.com\/wp-content\/uploads\/2023\/10\/casapasion-hero.jpg 1920w\" sizes=\"(max-width: 1633px) 100vw, 1633px\" \/><img decoding=\"async\" width=\"375\" height=\"550\" src=\"https:\/\/www.campoviejo.com\/wp-content\/uploads\/2023\/10\/casapasion-hero-mb.jpg\" class=\"banner-bg d-md-none pr-lazy-skip\" alt=\"\" loading=\"eager\" srcset=\"https:\/\/www.campoviejo.com\/wp-content\/uploads\/2023\/10\/casapasion-hero-mb.jpg 375w, https:\/\/www.campoviejo.com\/wp-content\/uploads\/2023\/10\/casapasion-hero-mb-205x300.jpg 205w, https:\/\/www.campoviejo.com\/wp-content\/uploads\/2023\/10\/casapasion-hero-mb-91x134.jpg 91w, https:\/\/www.campoviejo.com\/wp-content\/uploads\/2023\/10\/casapasion-hero-mb-229x336.jpg 229w, https:\/\/www.campoviejo.com\/wp-content\/uploads\/2023\/10\/casapasion-hero-mb-146x214.jpg 146w, https:\/\/www.campoviejo.com\/wp-content\/uploads\/2023\/10\/casapasion-hero-mb-234x343.jpg 234w, https:\/\/www.campoviejo.com\/wp-content\/uploads\/2023\/10\/casapasion-hero-mb-197x289.jpg 197w\" sizes=\"(max-width: 375px) 100vw, 375px\" \/>    <div class=\"container\">\n        <div class=\"row\">\n            <div class=\"col-12\">\n                <div class=\"banner-content\">\n                                                                            <\/div>\n            <\/div>\n        <\/div>\n    <\/div>\n<\/section>\n\n\n<section class=\"block-text-content-with-image\" id=\"block_cd250b9e9232f9e8af02b2419d824f76\" style=\"background-color: #ffffff; color: ;\">\n    <div class=\"container\">\n        <div class=\"row align-items-center left-img-right-content\">\n            <div class=\"col-12 col-lg-6 col-content\">\n                <div class=\"content-wrapper\">\n                    \n                    \n                                    <\/div>\n            <\/div>\n            <div class=\"col-12 col-lg-6 col-image\">\n                <img loading=\"lazy\" decoding=\"async\" width=\"690\" height=\"244\" src=\"https:\/\/www.campoviejo.com\/wp-content\/uploads\/2023\/10\/casapasion-h1.png\" class=\"featured-img\" alt=\"\" srcset=\"https:\/\/www.campoviejo.com\/wp-content\/uploads\/2023\/10\/casapasion-h1.png 1151w, https:\/\/www.campoviejo.com\/wp-content\/uploads\/2023\/10\/casapasion-h1-300x106.png 300w, https:\/\/www.campoviejo.com\/wp-content\/uploads\/2023\/10\/casapasion-h1-1024x362.png 1024w, https:\/\/www.campoviejo.com\/wp-content\/uploads\/2023\/10\/casapasion-h1-768x272.png 768w, https:\/\/www.campoviejo.com\/wp-content\/uploads\/2023\/10\/casapasion-h1-239x85.png 239w, https:\/\/www.campoviejo.com\/wp-content\/uploads\/2023\/10\/casapasion-h1-324x115.png 324w, https:\/\/www.campoviejo.com\/wp-content\/uploads\/2023\/10\/casapasion-h1-146x52.png 146w, https:\/\/www.campoviejo.com\/wp-content\/uploads\/2023\/10\/casapasion-h1-234x83.png 234w, https:\/\/www.campoviejo.com\/wp-content\/uploads\/2023\/10\/casapasion-h1-197x70.png 197w, https:\/\/www.campoviejo.com\/wp-content\/uploads\/2023\/10\/casapasion-h1-824x291.png 824w, https:\/\/www.campoviejo.com\/wp-content\/uploads\/2023\/10\/casapasion-h1-375x133.png 375w\" sizes=\"auto, (max-width: 690px) 100vw, 690px\" \/>            <\/div>\n        <\/div>\n    <\/div>\n<\/section>\n\n<div class='block-text-no-format pt-5'><div id=\"casapasion-intro\">\r\n<p>Casa Pasi\u00f3n es una experiencia <strong>creativa y rompedora<\/strong>, que demuestra con cada detalle, que la Pasi\u00f3n es el \u00fanico ingrediente capaz de convertir lo simple en algo extraordinario.<\/p>\r\n<p>Casa Pasi\u00f3n es una iniciativa donde tiene encuentro todo lo que de verdad nos une: el arte, la gastronom\u00eda, la m\u00fasica, y la danza.<\/p>\r\n\r\n<p>Un proyecto donde el arte es el nexo de uni\u00f3n para <strong> compartir, colaborar, experimentar y descubrir<\/strong>.<\/p>\r\n\r\n<p>Campo Viejo da un salto hacia un enfoque mucho m\u00e1s multidisciplinar, traspasando sus propios l\u00edmites y creando nuevos horizontes, poniendo por delante, una vez m\u00e1s, <strong>la innovaci\u00f3n y la espontaneidad.<\/strong><\/p>\r\n\r\n<p>Porque la Pasi\u00f3n es el motor que nos mueve d\u00eda a d\u00eda.<\/p>\r\n\r\n<p>Y merece ser celebrada.<\/p>\r\n\r\n<\/div>\r\n\r\n\r\n\r\n\r\n\r\n\r\n\r\n\r\n<\/div>\n\n<div class='block-text-no-format pt-5'><div class=\"casapasion-masonry\">\r\n  <div class=\"column column1\">\r\n    <img decoding=\"async\" src=\"https:\/\/www.campoviejo.com\/wp-content\/uploads\/2023\/10\/casapasion_1.jpg\" alt=\"\" title=\"\"\/>\r\n    <img decoding=\"async\" src=\"https:\/\/www.campoviejo.com\/wp-content\/uploads\/2023\/10\/casapasion_2.jpg\" alt=\"\" title=\"\"\/>\r\n  <\/div>\r\n  <div class=\"column column2\">\r\n    <img decoding=\"async\" src=\"https:\/\/www.campoviejo.com\/wp-content\/uploads\/2023\/10\/casapasion_3.jpg\" alt=\"\" title=\"\"\/>\r\n    <img decoding=\"async\" src=\"https:\/\/www.campoviejo.com\/wp-content\/uploads\/2023\/10\/casapasion_4.jpg\" alt=\"\" title=\"\"\/>\r\n    <img decoding=\"async\" src=\"https:\/\/www.campoviejo.com\/wp-content\/uploads\/2023\/10\/casapasion_5.jpg\" alt=\"\" title=\"\"\/>\r\n  <\/div>\r\n  <div class=\"column column3\">\r\n    <img decoding=\"async\" src=\"https:\/\/www.campoviejo.com\/wp-content\/uploads\/2023\/10\/casapasion_6.jpg\" alt=\"\" title=\"\"\/>\r\n    <img decoding=\"async\" src=\"https:\/\/www.campoviejo.com\/wp-content\/uploads\/2023\/10\/casapasion_7.jpg\" alt=\"\" title=\"\"\/>\r\n  <\/div>\r\n<\/div>  \r\n<\/div>\n\n    <div class=\"block-video-list \" id=\"block_1567e51928f3d0e492e3f53d2de81215\">\n        <div class=\"container\">\n                                        <div class=\"video-embed-list\">\n                                            <div class=\"video-wrapper\">\n                            <iframe loading=\"lazy\" title=\"Campo Viejo CASA PASI\u00f3N\" width=\"640\" height=\"360\" src=\"https:\/\/www.youtube.com\/embed\/urccGxARWNM?feature=oembed\" frameborder=\"0\" allow=\"accelerometer; autoplay; clipboard-write; encrypted-media; gyroscope; picture-in-picture; web-share\" referrerpolicy=\"strict-origin-when-cross-origin\" allowfullscreen><\/iframe>                        <\/div>\n                                    <\/div>\n                    <\/div>\n    <\/div>\n\n\n<div class='block-text-no-format pt-5'><div class=\"content-rrss\">\r\n<p>Comparte este art\u00edculo<\/p>\r\n<ul class=\"social-media\">\r\n                                                                            <li><a href=\"https:\/\/www.facebook.com\/CampoViejo\" target=\"_blank\" aria-label=\"social media link\"><svg class=\"svg-inline--fa fa-facebook-f fa-w-10\" aria-hidden=\"true\" focusable=\"false\" data-prefix=\"fab\" data-icon=\"facebook-f\" role=\"img\" xmlns=\"http:\/\/www.w3.org\/2000\/svg\" viewBox=\"0 0 320 512\" data-fa-i2svg=\"\"><path fill=\"currentColor\" d=\"M279.14 288l14.22-92.66h-88.91v-60.13c0-25.35 12.42-50.06 52.24-50.06h40.42V6.26S260.43 0 225.36 0c-73.22 0-121.08 44.38-121.08 124.72v70.62H22.89V288h81.39v224h100.17V288z\"><\/path><\/svg><!-- <i class=\"fab fa-facebook-f\"><\/i> --><\/a><\/li>\r\n                                                                            <li><a href=\"https:\/\/www.instagram.com\/campoviejo\/\" target=\"_blank\" aria-label=\"social media link\"><svg class=\"svg-inline--fa fa-instagram fa-w-14\" aria-hidden=\"true\" focusable=\"false\" data-prefix=\"fab\" data-icon=\"instagram\" role=\"img\" xmlns=\"http:\/\/www.w3.org\/2000\/svg\" viewBox=\"0 0 448 512\" data-fa-i2svg=\"\"><path fill=\"currentColor\" d=\"M224.1 141c-63.6 0-114.9 51.3-114.9 114.9s51.3 114.9 114.9 114.9S339 319.5 339 255.9 287.7 141 224.1 141zm0 189.6c-41.1 0-74.7-33.5-74.7-74.7s33.5-74.7 74.7-74.7 74.7 33.5 74.7 74.7-33.6 74.7-74.7 74.7zm146.4-194.3c0 14.9-12 26.8-26.8 26.8-14.9 0-26.8-12-26.8-26.8s12-26.8 26.8-26.8 26.8 12 26.8 26.8zm76.1 27.2c-1.7-35.9-9.9-67.7-36.2-93.9-26.2-26.2-58-34.4-93.9-36.2-37-2.1-147.9-2.1-184.9 0-35.8 1.7-67.6 9.9-93.9 36.1s-34.4 58-36.2 93.9c-2.1 37-2.1 147.9 0 184.9 1.7 35.9 9.9 67.7 36.2 93.9s58 34.4 93.9 36.2c37 2.1 147.9 2.1 184.9 0 35.9-1.7 67.7-9.9 93.9-36.2 26.2-26.2 34.4-58 36.2-93.9 2.1-37 2.1-147.8 0-184.8zM398.8 388c-7.8 19.6-22.9 34.7-42.6 42.6-29.5 11.7-99.5 9-132.1 9s-102.7 2.6-132.1-9c-19.6-7.8-34.7-22.9-42.6-42.6-11.7-29.5-9-99.5-9-132.1s-2.6-102.7 9-132.1c7.8-19.6 22.9-34.7 42.6-42.6 29.5-11.7 99.5-9 132.1-9s102.7-2.6 132.1 9c19.6 7.8 34.7 22.9 42.6 42.6 11.7 29.5 9 99.5 9 132.1s2.7 102.7-9 132.1z\"><\/path><\/svg><!-- <i class=\"fab fa-instagram\"><\/i> --><\/a><\/li>\r\n\r\n                                                                            <li><a href=\"https:\/\/www.youtube.com\/user\/campoviejowines\" target=\"_blank\" aria-label=\"social media link\"><svg class=\"svg-inline--fa fa-youtube fa-w-18\" aria-hidden=\"true\" focusable=\"false\" data-prefix=\"fab\" data-icon=\"youtube\" role=\"img\" xmlns=\"http:\/\/www.w3.org\/2000\/svg\" viewBox=\"0 0 576 512\" data-fa-i2svg=\"\"><path fill=\"currentColor\" d=\"M549.655 124.083c-6.281-23.65-24.787-42.276-48.284-48.597C458.781 64 288 64 288 64S117.22 64 74.629 75.486c-23.497 6.322-42.003 24.947-48.284 48.597-11.412 42.867-11.412 132.305-11.412 132.305s0 89.438 11.412 132.305c6.281 23.65 24.787 41.5 48.284 47.821C117.22 448 288 448 288 448s170.78 0 213.371-11.486c23.497-6.321 42.003-24.171 48.284-47.821 11.412-42.867 11.412-132.305 11.412-132.305s0-89.438-11.412-132.305zm-317.51 213.508V175.185l142.739 81.205-142.739 81.201z\"><\/path><\/svg><!-- <i class=\"fab fa-youtube\"><\/i> --><\/a><\/li>\r\n                                                                    <\/ul>\r\n\r\n\r\n<\/div><\/div>\n\n<div class='block-text-no-format pt-5'><style>\r\n  #block_cd250b9e9232f9e8af02b2419d824f76{\r\n    padding: 40px;\r\n  }\r\n\r\n#block_cd250b9e9232f9e8af02b2419d824f76 .col-image{\r\n    width: 100%;\r\n  }\r\n\r\n  #casapasion-intro{\r\n    width: 90%;\r\n    max-width: 1100px;\r\n    margin: 0 auto;\r\n    margin-top: -3rem!important;\r\n    line-height: 32px;\r\n    text-align: center;\r\n  }\r\n\r\n.casapasion-masonry{\r\n  display: flex;\r\n  flex-direction: column;\r\n  width: calc(100%-10px);\r\n  max-width: 1440px;\r\n  margin: 0 5px;\r\n  box-sizing: border-box;\r\n}\r\n\r\n.casapasion-masonry .column{\r\n  display: flex; \r\n  flex-direction: column;\r\n}\r\n\r\n.casapasion-masonry .column img{\r\n  width: 100%;\r\n  height: auto;\r\n  display: block\r\n}\r\n\r\n.casapasion-masonry .column img + img{\r\n  padding-top: 10px;\r\n}\r\n\r\n.content-rrss{\r\ncolor: #000;\r\ntext-align: center;\r\nfont-family: Overpass;\r\nfont-size: 18px;\r\nfont-style: normal;\r\nfont-weight: 400;\r\nline-height: normal;\r\n}\r\n\r\n.content-rrss ul.social-media li a  {\r\ncolor: #bd1825;\r\nbackground: #bd1825;\r\n\r\n}\r\n\r\n.content-rrss ul.social-media li a:hover{\r\ncolor: #7c170f;\r\nbackground: #7c170f;\r\n}\r\n\r\n#block_1567e51928f3d0e492e3f53d2de81215 .container{\r\nmax-width: 1440px;\r\npadding: 0;\r\n}\r\n#block_1567e51928f3d0e492e3f53d2de81215 .container .video-embed-list{\r\nmax-width: 1440px;\r\n}\r\n\r\n\r\n\r\n@media screen and (min-width: 768px){\r\n  #block_fd51e254add0f547ac9b2d3691e712d6{\r\n    padding: 80px;\r\n  }\r\n  \r\n  .casapasion-masonry{\r\n    display: flex;\r\n    flex-direction: row;\r\n    width: auto;\r\n    justify-content: space-between;\r\n    gap: 10px;\r\nmargin: 0 auto;\r\n  }\r\n  \r\n  .casapasion-masonry .column{\r\n    width: 33.33%;\r\n    \r\n  }\r\n\r\n}\r\n\r\n<\/style><\/div>","protected":false},"excerpt":{"rendered":"","protected":false},"author":39,"featured_media":15331,"parent":0,"menu_order":0,"comment_status":"closed","ping_status":"closed","template":"","meta":{"_acf_changed":false,"footnotes":""},"class_list":["post-15581","page","type-page","status-publish","has-post-thumbnail","hentry"],"acf":[],"yoast_head":"<!-- This site is optimized with the Yoast SEO plugin v27.4 - https:\/\/yoast.com\/product\/yoast-seo-wordpress\/ -->\n<title>Casa Pasi\u00f3n | Campo Viejo<\/title>\n<meta name=\"robots\" content=\"index, follow, max-snippet:-1, max-image-preview:large, max-video-preview:-1\" \/>\n<link rel=\"canonical\" href=\"https:\/\/www.campoviejo.com\/casa-pasion\/\" \/>\n<meta property=\"og:locale\" content=\"es_ES\" \/>\n<meta property=\"og:type\" content=\"article\" \/>\n<meta property=\"og:title\" content=\"Casa Pasi\u00f3n | Campo Viejo\" \/>\n<meta property=\"og:url\" content=\"https:\/\/www.campoviejo.com\/casa-pasion\/\" \/>\n<meta property=\"og:site_name\" content=\"Campo Viejo\" \/>\n<meta property=\"article:modified_time\" content=\"2023-11-13T15:08:33+00:00\" \/>\n<meta property=\"og:image\" content=\"https:\/\/www.campoviejo.com\/wp-content\/uploads\/2023\/10\/casapasion-h1.png\" \/>\n\t<meta property=\"og:image:width\" content=\"1151\" \/>\n\t<meta property=\"og:image:height\" content=\"407\" \/>\n\t<meta property=\"og:image:type\" content=\"image\/png\" \/>\n<meta name=\"twitter:card\" content=\"summary_large_image\" \/>\n<script type=\"application\/ld+json\" class=\"yoast-schema-graph\">{\"@context\":\"https:\\\/\\\/schema.org\",\"@graph\":[{\"@type\":\"WebPage\",\"@id\":\"https:\\\/\\\/www.campoviejo.com\\\/casa-pasion\\\/\",\"url\":\"https:\\\/\\\/www.campoviejo.com\\\/casa-pasion\\\/\",\"name\":\"Casa Pasi\u00f3n | Campo Viejo\",\"isPartOf\":{\"@id\":\"https:\\\/\\\/www.campoviejo.com\\\/#website\"},\"primaryImageOfPage\":{\"@id\":\"https:\\\/\\\/www.campoviejo.com\\\/casa-pasion\\\/#primaryimage\"},\"image\":{\"@id\":\"https:\\\/\\\/www.campoviejo.com\\\/casa-pasion\\\/#primaryimage\"},\"thumbnailUrl\":\"https:\\\/\\\/www.campoviejo.com\\\/wp-content\\\/uploads\\\/2023\\\/10\\\/casapasion-h1.png\",\"datePublished\":\"2023-10-25T06:32:41+00:00\",\"dateModified\":\"2023-11-13T15:08:33+00:00\",\"breadcrumb\":{\"@id\":\"https:\\\/\\\/www.campoviejo.com\\\/casa-pasion\\\/#breadcrumb\"},\"inLanguage\":\"es-ES\",\"potentialAction\":[{\"@type\":\"ReadAction\",\"target\":[\"https:\\\/\\\/www.campoviejo.com\\\/casa-pasion\\\/\"]}]},{\"@type\":\"ImageObject\",\"inLanguage\":\"es-ES\",\"@id\":\"https:\\\/\\\/www.campoviejo.com\\\/casa-pasion\\\/#primaryimage\",\"url\":\"https:\\\/\\\/www.campoviejo.com\\\/wp-content\\\/uploads\\\/2023\\\/10\\\/casapasion-h1.png\",\"contentUrl\":\"https:\\\/\\\/www.campoviejo.com\\\/wp-content\\\/uploads\\\/2023\\\/10\\\/casapasion-h1.png\",\"width\":1151,\"height\":407},{\"@type\":\"BreadcrumbList\",\"@id\":\"https:\\\/\\\/www.campoviejo.com\\\/casa-pasion\\\/#breadcrumb\",\"itemListElement\":[{\"@type\":\"ListItem\",\"position\":1,\"name\":\"Home\",\"item\":\"https:\\\/\\\/www.campoviejo.com\\\/es\\\/\"},{\"@type\":\"ListItem\",\"position\":2,\"name\":\"Casa Pasi\u00f3n\"}]},{\"@type\":\"WebSite\",\"@id\":\"https:\\\/\\\/www.campoviejo.com\\\/#website\",\"url\":\"https:\\\/\\\/www.campoviejo.com\\\/\",\"name\":\"Campo Viejo\",\"description\":\"\",\"publisher\":{\"@id\":\"https:\\\/\\\/www.campoviejo.com\\\/#organization\"},\"potentialAction\":[{\"@type\":\"SearchAction\",\"target\":{\"@type\":\"EntryPoint\",\"urlTemplate\":\"https:\\\/\\\/www.campoviejo.com\\\/?s={search_term_string}\"},\"query-input\":{\"@type\":\"PropertyValueSpecification\",\"valueRequired\":true,\"valueName\":\"search_term_string\"}}],\"inLanguage\":\"es-ES\"},{\"@type\":\"Organization\",\"@id\":\"https:\\\/\\\/www.campoviejo.com\\\/#organization\",\"name\":\"Campo Viejo Wines\",\"url\":\"https:\\\/\\\/www.campoviejo.com\\\/\",\"logo\":{\"@type\":\"ImageObject\",\"inLanguage\":\"es-ES\",\"@id\":\"https:\\\/\\\/www.campoviejo.com\\\/#\\\/schema\\\/logo\\\/image\\\/\",\"url\":\"https:\\\/\\\/www.campoviejo.com\\\/wp-content\\\/uploads\\\/2021\\\/12\\\/CV-Logo-New-CV-en-PNG-1.png\",\"contentUrl\":\"https:\\\/\\\/www.campoviejo.com\\\/wp-content\\\/uploads\\\/2021\\\/12\\\/CV-Logo-New-CV-en-PNG-1.png\",\"width\":284,\"height\":158,\"caption\":\"Campo Viejo Wines\"},\"image\":{\"@id\":\"https:\\\/\\\/www.campoviejo.com\\\/#\\\/schema\\\/logo\\\/image\\\/\"}}]}<\/script>\n<!-- \/ Yoast SEO plugin. -->","yoast_head_json":{"title":"Casa Pasi\u00f3n | Campo Viejo","robots":{"index":"index","follow":"follow","max-snippet":"max-snippet:-1","max-image-preview":"max-image-preview:large","max-video-preview":"max-video-preview:-1"},"canonical":"https:\/\/www.campoviejo.com\/casa-pasion\/","og_locale":"es_ES","og_type":"article","og_title":"Casa Pasi\u00f3n | Campo Viejo","og_url":"https:\/\/www.campoviejo.com\/casa-pasion\/","og_site_name":"Campo Viejo","article_modified_time":"2023-11-13T15:08:33+00:00","og_image":[{"width":1151,"height":407,"url":"https:\/\/www.campoviejo.com\/wp-content\/uploads\/2023\/10\/casapasion-h1.png","type":"image\/png"}],"twitter_card":"summary_large_image","schema":{"@context":"https:\/\/schema.org","@graph":[{"@type":"WebPage","@id":"https:\/\/www.campoviejo.com\/casa-pasion\/","url":"https:\/\/www.campoviejo.com\/casa-pasion\/","name":"Casa Pasi\u00f3n | Campo Viejo","isPartOf":{"@id":"https:\/\/www.campoviejo.com\/#website"},"primaryImageOfPage":{"@id":"https:\/\/www.campoviejo.com\/casa-pasion\/#primaryimage"},"image":{"@id":"https:\/\/www.campoviejo.com\/casa-pasion\/#primaryimage"},"thumbnailUrl":"https:\/\/www.campoviejo.com\/wp-content\/uploads\/2023\/10\/casapasion-h1.png","datePublished":"2023-10-25T06:32:41+00:00","dateModified":"2023-11-13T15:08:33+00:00","breadcrumb":{"@id":"https:\/\/www.campoviejo.com\/casa-pasion\/#breadcrumb"},"inLanguage":"es-ES","potentialAction":[{"@type":"ReadAction","target":["https:\/\/www.campoviejo.com\/casa-pasion\/"]}]},{"@type":"ImageObject","inLanguage":"es-ES","@id":"https:\/\/www.campoviejo.com\/casa-pasion\/#primaryimage","url":"https:\/\/www.campoviejo.com\/wp-content\/uploads\/2023\/10\/casapasion-h1.png","contentUrl":"https:\/\/www.campoviejo.com\/wp-content\/uploads\/2023\/10\/casapasion-h1.png","width":1151,"height":407},{"@type":"BreadcrumbList","@id":"https:\/\/www.campoviejo.com\/casa-pasion\/#breadcrumb","itemListElement":[{"@type":"ListItem","position":1,"name":"Home","item":"https:\/\/www.campoviejo.com\/es\/"},{"@type":"ListItem","position":2,"name":"Casa Pasi\u00f3n"}]},{"@type":"WebSite","@id":"https:\/\/www.campoviejo.com\/#website","url":"https:\/\/www.campoviejo.com\/","name":"Campo Viejo","description":"","publisher":{"@id":"https:\/\/www.campoviejo.com\/#organization"},"potentialAction":[{"@type":"SearchAction","target":{"@type":"EntryPoint","urlTemplate":"https:\/\/www.campoviejo.com\/?s={search_term_string}"},"query-input":{"@type":"PropertyValueSpecification","valueRequired":true,"valueName":"search_term_string"}}],"inLanguage":"es-ES"},{"@type":"Organization","@id":"https:\/\/www.campoviejo.com\/#organization","name":"Campo Viejo Wines","url":"https:\/\/www.campoviejo.com\/","logo":{"@type":"ImageObject","inLanguage":"es-ES","@id":"https:\/\/www.campoviejo.com\/#\/schema\/logo\/image\/","url":"https:\/\/www.campoviejo.com\/wp-content\/uploads\/2021\/12\/CV-Logo-New-CV-en-PNG-1.png","contentUrl":"https:\/\/www.campoviejo.com\/wp-content\/uploads\/2021\/12\/CV-Logo-New-CV-en-PNG-1.png","width":284,"height":158,"caption":"Campo Viejo Wines"},"image":{"@id":"https:\/\/www.campoviejo.com\/#\/schema\/logo\/image\/"}}]}},"_links":{"self":[{"href":"https:\/\/www.campoviejo.com\/es\/wp-json\/wp\/v2\/pages\/15581","targetHints":{"allow":["GET"]}}],"collection":[{"href":"https:\/\/www.campoviejo.com\/es\/wp-json\/wp\/v2\/pages"}],"about":[{"href":"https:\/\/www.campoviejo.com\/es\/wp-json\/wp\/v2\/types\/page"}],"author":[{"embeddable":true,"href":"https:\/\/www.campoviejo.com\/es\/wp-json\/wp\/v2\/users\/39"}],"replies":[{"embeddable":true,"href":"https:\/\/www.campoviejo.com\/es\/wp-json\/wp\/v2\/comments?post=15581"}],"version-history":[{"count":22,"href":"https:\/\/www.campoviejo.com\/es\/wp-json\/wp\/v2\/pages\/15581\/revisions"}],"predecessor-version":[{"id":15806,"href":"https:\/\/www.campoviejo.com\/es\/wp-json\/wp\/v2\/pages\/15581\/revisions\/15806"}],"wp:featuredmedia":[{"embeddable":true,"href":"https:\/\/www.campoviejo.com\/es\/wp-json\/wp\/v2\/media\/15331"}],"wp:attachment":[{"href":"https:\/\/www.campoviejo.com\/es\/wp-json\/wp\/v2\/media?parent=15581"}],"curies":[{"name":"wp","href":"https:\/\/api.w.org\/{rel}","templated":true}]}}