{"id":8055,"date":"2021-11-25T04:01:53","date_gmt":"2021-11-25T04:01:53","guid":{"rendered":"https:\/\/www.campoviejo.com\/winery\/virtual-tour\/"},"modified":"2023-03-01T09:58:25","modified_gmt":"2023-03-01T09:58:25","slug":"virtual-tour","status":"publish","type":"page","link":"https:\/\/www.campoviejo.com\/es\/winery\/virtual-tour\/","title":{"rendered":"Virtual Tour"},"content":{"rendered":"<section class=\"block-page-banner  with-breadcrumbs  cv-2023-virtual-tour-hero\" id=\"block_5757bf6fe03790d099740310791338aa\" style=\"color: #ffffff; background-color: #000000\">\n    <img fetchpriority=\"high\" decoding=\"async\" width=\"1536\" height=\"768\" src=\"https:\/\/www.campoviejo.com\/wp-content\/uploads\/2023\/03\/virtual-1536x768.png\" class=\"banner-bg d-none d-md-block pr-lazy-skip\" alt=\"\" loading=\"eager\" srcset=\"https:\/\/www.campoviejo.com\/wp-content\/uploads\/2023\/03\/virtual-1536x768.png 1536w, https:\/\/www.campoviejo.com\/wp-content\/uploads\/2023\/03\/virtual-300x150.png 300w, https:\/\/www.campoviejo.com\/wp-content\/uploads\/2023\/03\/virtual-1024x512.png 1024w, https:\/\/www.campoviejo.com\/wp-content\/uploads\/2023\/03\/virtual-768x384.png 768w, https:\/\/www.campoviejo.com\/wp-content\/uploads\/2023\/03\/virtual-239x120.png 239w, https:\/\/www.campoviejo.com\/wp-content\/uploads\/2023\/03\/virtual-324x162.png 324w, https:\/\/www.campoviejo.com\/wp-content\/uploads\/2023\/03\/virtual-146x73.png 146w, https:\/\/www.campoviejo.com\/wp-content\/uploads\/2023\/03\/virtual-234x117.png 234w, https:\/\/www.campoviejo.com\/wp-content\/uploads\/2023\/03\/virtual-197x99.png 197w, https:\/\/www.campoviejo.com\/wp-content\/uploads\/2023\/03\/virtual-1212x606.png 1212w, https:\/\/www.campoviejo.com\/wp-content\/uploads\/2023\/03\/virtual-1800x900.png 1800w, https:\/\/www.campoviejo.com\/wp-content\/uploads\/2023\/03\/virtual-824x412.png 824w, https:\/\/www.campoviejo.com\/wp-content\/uploads\/2023\/03\/virtual-375x188.png 375w, https:\/\/www.campoviejo.com\/wp-content\/uploads\/2023\/03\/virtual.png 1920w\" sizes=\"(max-width: 1536px) 100vw, 1536px\" \/><img decoding=\"async\" width=\"375\" height=\"550\" src=\"https:\/\/www.campoviejo.com\/wp-content\/uploads\/2023\/03\/virtual_mb2.png\" class=\"banner-bg d-md-none pr-lazy-skip\" alt=\"\" loading=\"eager\" srcset=\"https:\/\/www.campoviejo.com\/wp-content\/uploads\/2023\/03\/virtual_mb2.png 375w, https:\/\/www.campoviejo.com\/wp-content\/uploads\/2023\/03\/virtual_mb2-205x300.png 205w, https:\/\/www.campoviejo.com\/wp-content\/uploads\/2023\/03\/virtual_mb2-91x134.png 91w, https:\/\/www.campoviejo.com\/wp-content\/uploads\/2023\/03\/virtual_mb2-229x336.png 229w, https:\/\/www.campoviejo.com\/wp-content\/uploads\/2023\/03\/virtual_mb2-146x214.png 146w, https:\/\/www.campoviejo.com\/wp-content\/uploads\/2023\/03\/virtual_mb2-234x343.png 234w, https:\/\/www.campoviejo.com\/wp-content\/uploads\/2023\/03\/virtual_mb2-197x289.png 197w\" sizes=\"(max-width: 375px) 100vw, 375px\" \/>    <div class=\"container\">\n        <div class=\"row\">\n            <div class=\"col-12\">\n                <div class=\"banner-content\">\n                                                                            <\/div>\n            <\/div>\n        <\/div>\n    <\/div>\n<\/section>\n<section class=\"breadcrumbs-wrapper\">\n    <div class=\"container\">\n        <div class=\"row\">\n            <div class=\"col-12\">\n                <p id=\"breadcrumbs\">\n                    <span>\n                        <span>\n                                                            <a href=\"https:\/\/www.campoviejo.com\">Home<\/a>\n                                <span class=\"separator\">|<\/span>\n                                <strong class=\"breadcrumb_last\" aria-current=\"page\"><\/strong>\n                                                    <\/span>\n                    <\/span>\n                <\/p>\n            <\/div>\n        <\/div>\n    <\/div>\n<\/section>\n\n    <div class=\"block-video-list \" id=\"block_a07cfcbe37061d1e3406bd801d7e4180\">\n        <div class=\"container\">\n                            <div class=\"content-wrapper\">\n                                            <div class=\"top-text\">VISITA VIRTUAL DE<\/div>\n                                                                <h2 class='section-heading' >BODEGAS CAMPO VIEJO<\/h2>                                                                <div class=\"default-content\"><p>Inaugurada en 2001, la nueva bodega de Campo Viejo fue dise\u00f1ada para establecer un equilibrio arm\u00f3nico entre la enolog\u00eda, la arquitectura y la sostenibilidad. Estos elementos se han unido para crear un templo de la vinicultura que permanece en la vanguardia del mercado vitivin\u00edcola internacional actual.<\/p>\n<p>Si quieres descubrir el verdadero sabor de Rioja, explora nuestra bodega desde donde est\u00e9s gracias a nuestra visita virtual (utiliza las flechas para moverte).<\/p>\n<\/div>\n                                    <\/div>\n                                        <div class=\"video-embed-list\">\n                                            <div class=\"video-wrapper\">\n                            <iframe loading=\"lazy\" title=\"Campo Viejo Winery Virtual Reality Tour\" width=\"640\" height=\"360\" src=\"https:\/\/www.youtube.com\/embed\/t0XScGPGD4E?feature=oembed\" frameborder=\"0\" allow=\"accelerometer; autoplay; clipboard-write; encrypted-media; gyroscope; picture-in-picture; web-share\" referrerpolicy=\"strict-origin-when-cross-origin\" allowfullscreen><\/iframe>                        <\/div>\n                                    <\/div>\n                    <\/div>\n    <\/div>\n\n\n<div class='block-text-no-format pt-5'><style>\r\n\r\n    .site-logo-img {\r\n        content: url('https:\/\/www.campoviejo.com\/wp-content\/uploads\/2023\/02\/CampoViejo_Logo_golden.png');\r\n    }\r\n\r\n    \r\n    .cv-2023-styleblock {\r\n        display: none;\r\n    }\r\n\r\n    .cv-2023-virtual-tour-hero.block-page-banner::after{\r\n        background: none;\r\n    }\r\n\r\n    .cv-2023-virtual-tour-sec .section-heading{\r\n        font-size: 40px;\r\n    }\r\n    .cv-2023-virtual-tour-sec .default-content{\r\n        font-size: 16px;\r\n    }\r\n\r\n    @media screen and (min-width: 1024px) {\r\n        .cv-2023-virtual-tour-sec .content-wrapper, .cv-2023-virtual-tour-sec .block-video-list .video-embed-list{\r\n            max-width: 1450px !important;\r\n        }\r\n        .cv-2023-virtual-tour-sec .section-heading{\r\n            font-size: 62px !important;\r\n        }\r\n        .cv-2023-virtual-tour-sec .default-content{\r\n            font-size: 18px !important;\r\n        }\r\n    }\r\n\r\n<\/style><\/div>","protected":false},"excerpt":{"rendered":"","protected":false},"author":39,"featured_media":0,"parent":8007,"menu_order":0,"comment_status":"closed","ping_status":"closed","template":"","meta":{"_acf_changed":false,"footnotes":""},"class_list":["post-8055","page","type-page","status-publish","hentry"],"acf":[],"yoast_head":"<!-- This site is optimized with the Yoast SEO plugin v27.3 - https:\/\/yoast.com\/product\/yoast-seo-wordpress\/ -->\n<title>Campo Viejo Winery Virtual Tour - Campo Viejo Wines ES<\/title>\n<meta name=\"description\" content=\"Explore our home located at the very heart of Rioja and experience a virtual tour using the directional toggles in our interactive video -Find Out More!\" \/>\n<meta name=\"robots\" content=\"index, follow, max-snippet:-1, max-image-preview:large, max-video-preview:-1\" \/>\n<link rel=\"canonical\" href=\"https:\/\/www.campoviejo.com\/es\/winery\/virtual-tour\/\" \/>\n<meta property=\"og:locale\" content=\"es_ES\" \/>\n<meta property=\"og:type\" content=\"article\" \/>\n<meta property=\"og:title\" content=\"Campo Viejo Winery Virtual Tour - Campo Viejo Wines ES\" \/>\n<meta property=\"og:description\" content=\"Explore our home located at the very heart of Rioja and experience a virtual tour using the directional toggles in our interactive video -Find Out More!\" \/>\n<meta property=\"og:url\" content=\"https:\/\/www.campoviejo.com\/es\/winery\/virtual-tour\/\" \/>\n<meta property=\"og:site_name\" content=\"Campo Viejo\" \/>\n<meta property=\"article:modified_time\" content=\"2023-03-01T09:58:25+00:00\" \/>\n<meta name=\"twitter:card\" content=\"summary_large_image\" \/>\n<script type=\"application\/ld+json\" class=\"yoast-schema-graph\">{\"@context\":\"https:\\\/\\\/schema.org\",\"@graph\":[{\"@type\":\"WebPage\",\"@id\":\"https:\\\/\\\/www.campoviejo.com\\\/es\\\/winery\\\/virtual-tour\\\/\",\"url\":\"https:\\\/\\\/www.campoviejo.com\\\/es\\\/winery\\\/virtual-tour\\\/\",\"name\":\"Campo Viejo Winery Virtual Tour - Campo Viejo Wines ES\",\"isPartOf\":{\"@id\":\"https:\\\/\\\/www.campoviejo.com\\\/#website\"},\"datePublished\":\"2021-11-25T04:01:53+00:00\",\"dateModified\":\"2023-03-01T09:58:25+00:00\",\"description\":\"Explore our home located at the very heart of Rioja and experience a virtual tour using the directional toggles in our interactive video -Find Out More!\",\"breadcrumb\":{\"@id\":\"https:\\\/\\\/www.campoviejo.com\\\/es\\\/winery\\\/virtual-tour\\\/#breadcrumb\"},\"inLanguage\":\"es-ES\",\"potentialAction\":[{\"@type\":\"ReadAction\",\"target\":[\"https:\\\/\\\/www.campoviejo.com\\\/es\\\/winery\\\/virtual-tour\\\/\"]}]},{\"@type\":\"BreadcrumbList\",\"@id\":\"https:\\\/\\\/www.campoviejo.com\\\/es\\\/winery\\\/virtual-tour\\\/#breadcrumb\",\"itemListElement\":[{\"@type\":\"ListItem\",\"position\":1,\"name\":\"Home\",\"item\":\"https:\\\/\\\/www.campoviejo.com\\\/es\\\/\"},{\"@type\":\"ListItem\",\"position\":2,\"name\":\"Visit Winery\",\"item\":\"https:\\\/\\\/www.campoviejo.com\\\/es\\\/winery\\\/\"},{\"@type\":\"ListItem\",\"position\":3,\"name\":\"Virtual Tour\"}]},{\"@type\":\"WebSite\",\"@id\":\"https:\\\/\\\/www.campoviejo.com\\\/#website\",\"url\":\"https:\\\/\\\/www.campoviejo.com\\\/\",\"name\":\"Campo Viejo\",\"description\":\"\",\"publisher\":{\"@id\":\"https:\\\/\\\/www.campoviejo.com\\\/#organization\"},\"potentialAction\":[{\"@type\":\"SearchAction\",\"target\":{\"@type\":\"EntryPoint\",\"urlTemplate\":\"https:\\\/\\\/www.campoviejo.com\\\/?s={search_term_string}\"},\"query-input\":{\"@type\":\"PropertyValueSpecification\",\"valueRequired\":true,\"valueName\":\"search_term_string\"}}],\"inLanguage\":\"es-ES\"},{\"@type\":\"Organization\",\"@id\":\"https:\\\/\\\/www.campoviejo.com\\\/#organization\",\"name\":\"Campo Viejo Wines\",\"url\":\"https:\\\/\\\/www.campoviejo.com\\\/\",\"logo\":{\"@type\":\"ImageObject\",\"inLanguage\":\"es-ES\",\"@id\":\"https:\\\/\\\/www.campoviejo.com\\\/#\\\/schema\\\/logo\\\/image\\\/\",\"url\":\"https:\\\/\\\/www.campoviejo.com\\\/wp-content\\\/uploads\\\/2021\\\/12\\\/CV-Logo-New-CV-en-PNG-1.png\",\"contentUrl\":\"https:\\\/\\\/www.campoviejo.com\\\/wp-content\\\/uploads\\\/2021\\\/12\\\/CV-Logo-New-CV-en-PNG-1.png\",\"width\":284,\"height\":158,\"caption\":\"Campo Viejo Wines\"},\"image\":{\"@id\":\"https:\\\/\\\/www.campoviejo.com\\\/#\\\/schema\\\/logo\\\/image\\\/\"}}]}<\/script>\n<!-- \/ Yoast SEO plugin. -->","yoast_head_json":{"title":"Campo Viejo Winery Virtual Tour - Campo Viejo Wines ES","description":"Explore our home located at the very heart of Rioja and experience a virtual tour using the directional toggles in our interactive video -Find Out More!","robots":{"index":"index","follow":"follow","max-snippet":"max-snippet:-1","max-image-preview":"max-image-preview:large","max-video-preview":"max-video-preview:-1"},"canonical":"https:\/\/www.campoviejo.com\/es\/winery\/virtual-tour\/","og_locale":"es_ES","og_type":"article","og_title":"Campo Viejo Winery Virtual Tour - Campo Viejo Wines ES","og_description":"Explore our home located at the very heart of Rioja and experience a virtual tour using the directional toggles in our interactive video -Find Out More!","og_url":"https:\/\/www.campoviejo.com\/es\/winery\/virtual-tour\/","og_site_name":"Campo Viejo","article_modified_time":"2023-03-01T09:58:25+00:00","twitter_card":"summary_large_image","schema":{"@context":"https:\/\/schema.org","@graph":[{"@type":"WebPage","@id":"https:\/\/www.campoviejo.com\/es\/winery\/virtual-tour\/","url":"https:\/\/www.campoviejo.com\/es\/winery\/virtual-tour\/","name":"Campo Viejo Winery Virtual Tour - Campo Viejo Wines ES","isPartOf":{"@id":"https:\/\/www.campoviejo.com\/#website"},"datePublished":"2021-11-25T04:01:53+00:00","dateModified":"2023-03-01T09:58:25+00:00","description":"Explore our home located at the very heart of Rioja and experience a virtual tour using the directional toggles in our interactive video -Find Out More!","breadcrumb":{"@id":"https:\/\/www.campoviejo.com\/es\/winery\/virtual-tour\/#breadcrumb"},"inLanguage":"es-ES","potentialAction":[{"@type":"ReadAction","target":["https:\/\/www.campoviejo.com\/es\/winery\/virtual-tour\/"]}]},{"@type":"BreadcrumbList","@id":"https:\/\/www.campoviejo.com\/es\/winery\/virtual-tour\/#breadcrumb","itemListElement":[{"@type":"ListItem","position":1,"name":"Home","item":"https:\/\/www.campoviejo.com\/es\/"},{"@type":"ListItem","position":2,"name":"Visit Winery","item":"https:\/\/www.campoviejo.com\/es\/winery\/"},{"@type":"ListItem","position":3,"name":"Virtual Tour"}]},{"@type":"WebSite","@id":"https:\/\/www.campoviejo.com\/#website","url":"https:\/\/www.campoviejo.com\/","name":"Campo Viejo","description":"","publisher":{"@id":"https:\/\/www.campoviejo.com\/#organization"},"potentialAction":[{"@type":"SearchAction","target":{"@type":"EntryPoint","urlTemplate":"https:\/\/www.campoviejo.com\/?s={search_term_string}"},"query-input":{"@type":"PropertyValueSpecification","valueRequired":true,"valueName":"search_term_string"}}],"inLanguage":"es-ES"},{"@type":"Organization","@id":"https:\/\/www.campoviejo.com\/#organization","name":"Campo Viejo Wines","url":"https:\/\/www.campoviejo.com\/","logo":{"@type":"ImageObject","inLanguage":"es-ES","@id":"https:\/\/www.campoviejo.com\/#\/schema\/logo\/image\/","url":"https:\/\/www.campoviejo.com\/wp-content\/uploads\/2021\/12\/CV-Logo-New-CV-en-PNG-1.png","contentUrl":"https:\/\/www.campoviejo.com\/wp-content\/uploads\/2021\/12\/CV-Logo-New-CV-en-PNG-1.png","width":284,"height":158,"caption":"Campo Viejo Wines"},"image":{"@id":"https:\/\/www.campoviejo.com\/#\/schema\/logo\/image\/"}}]}},"_links":{"self":[{"href":"https:\/\/www.campoviejo.com\/es\/wp-json\/wp\/v2\/pages\/8055","targetHints":{"allow":["GET"]}}],"collection":[{"href":"https:\/\/www.campoviejo.com\/es\/wp-json\/wp\/v2\/pages"}],"about":[{"href":"https:\/\/www.campoviejo.com\/es\/wp-json\/wp\/v2\/types\/page"}],"author":[{"embeddable":true,"href":"https:\/\/www.campoviejo.com\/es\/wp-json\/wp\/v2\/users\/39"}],"replies":[{"embeddable":true,"href":"https:\/\/www.campoviejo.com\/es\/wp-json\/wp\/v2\/comments?post=8055"}],"version-history":[{"count":11,"href":"https:\/\/www.campoviejo.com\/es\/wp-json\/wp\/v2\/pages\/8055\/revisions"}],"predecessor-version":[{"id":14618,"href":"https:\/\/www.campoviejo.com\/es\/wp-json\/wp\/v2\/pages\/8055\/revisions\/14618"}],"up":[{"embeddable":true,"href":"https:\/\/www.campoviejo.com\/es\/wp-json\/wp\/v2\/pages\/8007"}],"wp:attachment":[{"href":"https:\/\/www.campoviejo.com\/es\/wp-json\/wp\/v2\/media?parent=8055"}],"curies":[{"name":"wp","href":"https:\/\/api.w.org\/{rel}","templated":true}]}}