{"id":8204,"date":"2021-12-14T23:30:34","date_gmt":"2021-12-14T23:30:34","guid":{"rendered":"https:\/\/www.campoviejo.com\/terms-of-use\/"},"modified":"2025-10-22T15:35:19","modified_gmt":"2025-10-22T13:35:19","slug":"terms-of-use","status":"publish","type":"page","link":"https:\/\/www.campoviejo.com\/es\/terms-of-use\/","title":{"rendered":"Terms of Use"},"content":{"rendered":"<section class=\"block-page-title  \" id=\"block_1d3a9a39412c378b447f6d48d6b0b74b\">\n\t<div class=\"container\">\n\t\t<div class=\"row\">\n\t\t\t<div class=\"col-12\">\n\t\t\t\t<h1 class=\"page-title\">\n\t\t\t\t\t T\u00c9RMINOS Y CONDICIONES DE USO\t\t\t\t<\/h1>\n\t\t\t<\/div>\n\t\t<\/div>\n\t<\/div>\n<\/section>\n\n\n    <div class=\"block-classic-editor \" id=\"block_0989d707f26eb376742ff3487a78bc5c\">\n        <div class=\"container\">\n            <div class=\"default-content\"><h1><strong><span lang=\"ES\" xml:lang=\"ES\">T\u00c9RMINOS Y CONDICIONES DE USO<\/span><\/strong><\/h1>\n<p>Estos T\u00e9rminos y Condiciones de Uso son de aplicaci\u00f3n a las p\u00e1ginas web, aplicaciones, y p\u00e1ginas en Redes Sociales, entre otros, que sean propiedad de Vinarchy Spain (en adelante Medios Digitales). En primer lugar, te agradecemos tu visita a nuestro Medio Digital y te invitamos a dedicar unos minutos para leer la informaci\u00f3n expuesta a continuaci\u00f3n.<br \/>\nEl Medio Digital es propiedad de Vinarchy Spain, S.A. Unipersonal. (en adelante, Vinarchy Spain), sociedad que tiene su domicilio social en Parque Tecnol\u00f3gico de Miram\u00f3n, Paseo Mikeletegi n\u00famero 71, 2a planta, 20009 \u2013 San Sebasti\u00e1n, Gipuzkoa, C.I.F. n\u00famero A-11606118 y que est\u00e1 inscrita en el Registro Mercantil de Guip\u00fazcoa, Hoja SS-22853.<br \/>\nLa utilizaci\u00f3n de todos los Medios Digitales de titularidad de Vinarchy Spain supone la aceptaci\u00f3n por el usuario de estos T\u00e9rminos y Condiciones de Uso, la Pol\u00edtica de Privacidad y Protecci\u00f3n de Datos y la Pol\u00edtica de Cookies vigentes en cada momento y que est\u00e1n publicadas en este Medio Digital. Vinarchy Spain se reserva el derecho a modificar en cualquier momento las mismas.<br \/>\nLos siguientes puntos te ayudar\u00e1n a entender el entorno legal en el que operamos:<\/p>\n<h3>Edad legal para consumo de alcohol y promoci\u00f3n del consumo responsable<\/h3>\n<p>El acceso y el uso de los Medios Digitales de Vinarchy Spain est\u00e1 reservado a personas mayores de edad; si no eres mayor de edad, por favor, no accedas a los contenidos de este Medio Digital.<br \/>\nVinarchy Spain s\u00f3lo promueve el consumo responsable y moderado de los productos que elabora. Para m\u00e1s informaci\u00f3n, por favor te invitamos a que accedas al programa de consumo responsable al que se encuentra adherida: <a href=\"www.wineinmoderation.eu\" target=\"_blank\" rel=\"noopener\">www.wineinmoderation.eu<\/a>.<\/p>\n<h3>Territorios restringidos<\/h3>\n<p>En algunos pa\u00edses los ciudadanos no deben visitar Medios Digitales en el que se ofrezcan servicios y productos relacionados con la categor\u00eda de bebidas alcoh\u00f3licas como el nuestro debido a leyes locales que restringen la venta y\/o promoci\u00f3n de este tipo de productos. Si nos visitas desde un pa\u00eds donde se aplican tales restricciones, debes salir del Medio Digital ahora. Si no est\u00e1s seguro respecto de las leyes aplicables, recomendamos que salgas ahora y que averig\u00fces tu situaci\u00f3n legal antes de continuar.<\/p>\n<h3>Privacidad y Protecci\u00f3n de Datos<\/h3>\n<p>Te invitamos a que leas la <a style=\"text-decoration: underline;\" href=\"https:\/\/www.campoviejo.com\/es\/data-protection-and-privacy-policy\/\" target=\"_blank\" rel=\"noopener\">Pol\u00edtica de Privacidad y Protecci\u00f3n de Datos<\/a> para que est\u00e9s informado de c\u00f3mo recopilamos, almacenamos, utilizamos y procesamos los datos personales que nos proporciones a trav\u00e9s de cualquier Medio Digital propiedad de Vinarchy Spain.<\/p>\n<h3>Cookies<\/h3>\n<p>Durante tu visita a nuestros Medios Digitales podremos recurrir al uso de cookies. Por favor, lee nuestra <a style=\"text-decoration: underline;\" href=\"https:\/\/www.campoviejo.com\/es\/politica-de-cookies\/\" target=\"_blank\" rel=\"noopener\">Pol\u00edtica de Cookies<\/a> para conocer con mayor detalle las cookies que utilizamos, su finalidad, como puedes configurarlas o deshabilitarlas, y otra informaci\u00f3n de inter\u00e9s.<\/p>\n<h3>Propiedad Industrial e Intelectual<\/h3>\n<p>Todo el material publicado en el Medio Digital, y en particular las marcas, nombres comerciales, dise\u00f1os industriales, dise\u00f1os, textos, fotograf\u00edas, logotipos, iconos o cualesquiera otros signos susceptibles de utilizaci\u00f3n industrial y comercial est\u00e1n protegidos por derechos de propiedad industrial e intelectual de Vinarchy Spain o de terceros titulares de los mismos que han autorizado su inclusi\u00f3n en la Web.<br \/>\nAsimismo, todas las marcas de nuestros Medios Digitales son marcas registradas pertenecientes a Vinarchy Spain y est\u00e1n registradas en gran n\u00famero de pa\u00edses. Por tanto, queda prohibido el uso o reproducci\u00f3n de las marcas registradas con cualquier fin.<br \/>\nQueda prohibida cualquier forma de reproducci\u00f3n, distribuci\u00f3n, comunicaci\u00f3n p\u00fablica, transformaci\u00f3n, puesta a disposici\u00f3n y, en general, cualquier otro acto de explotaci\u00f3n p\u00fablica referido tanto a las p\u00e1ginas web como a sus contenidos e informaciones, sin el expreso previo consentimiento de Vinarchy Spain.<br \/>\nVinarchy Spain no ser\u00e1 responsable de la infracci\u00f3n de los derechos de Propiedad Intelectual o Industrial de terceros que pudieran derivarse de la inclusi\u00f3n en la Web de marcas, nombres comerciales, dise\u00f1os industriales, dise\u00f1os, textos, fotograf\u00edas, logotipos o cualesquiera otros pertenecientes a terceros que hayan declarado ser titulares de los mismos al incluirlos en el Medio Digital.<\/p>\n<h3>Nuestra responsabilidad<\/h3>\n<p>En la mayor medida posible de acuerdo con la ley, ni nosotros (ni ninguna de nuestras empresas asociadas, matrices o afiliadas) asumimos responsabilidad alguna por p\u00e9rdidas o da\u00f1os (sean directos, indirectos, financieros o emergentes) que padezcas como consecuencia de una visita o el uso de la p\u00e1gina web, de los materiales publicados o bajados de la web, de la incapacidad de utilizar la web, de un error en la publicaci\u00f3n de la p\u00e1gina web o de un virus inform\u00e1tico transmitido a trav\u00e9s de la web, independientemente de si la p\u00e9rdida o da\u00f1o surge o no de nuestra negligencia e incluso en el caso de que estemos expresamente informados de la posibilidad de la p\u00e9rdida o da\u00f1o.<br \/>\nNo obstante, Vinarchy Spain declara haber adoptado todas las medidas necesarias, dentro de sus posibilidades y del estado de la tecnolog\u00eda, para garantizar el funcionamiento de la p\u00e1gina web y evitar la existencia y transmisi\u00f3n de virus y otros componentes que puedan perjudicar al usuario.<br \/>\nVinarchy Spain no ser\u00e1 responsable del uso que terceros hagan de la informaci\u00f3n publicada en el portal, ni tampoco de los da\u00f1os sufridos o p\u00e9rdidas econ\u00f3micas que, de forma directa o indirecta, produzcan o puedan producir perjuicios econ\u00f3micos, materiales o sobre datos, provocados por el uso de dicha informaci\u00f3n.<\/p>\n<h3>Materiales que nos env\u00edes o publiques en nuestros Medios Digitales<\/h3>\n<p>Debes tener cuidado a la hora de publicar materiales en los Medios Digitales. No podemos tratarlos con confidencialidad, ya que nuestras p\u00e1ginas son p\u00fablicas y son accesibles para el p\u00fablico en general. Por tanto, necesitamos libertad para utilizarlos y divulgarlos, independientemente de si se trata de ideas, conceptos creativos u otros materiales, Vinarchy Spain no debe pagarte ninguna cantidad ni reconocerte como la fuente de los materiales. No podemos aceptar ninguna responsabilidad por p\u00e9rdidas o da\u00f1os que pudieras padecer como consecuencia de nuestro uso o divulgaci\u00f3n de tales materiales. Este p\u00e1rrafo se incluye sin perjuicio de los derechos que pudieran corresponderte de acuerdo con la normativa de protecci\u00f3n de datos o leyes an\u00e1logas, en la medida en que no podamos excluir o limitar dichos derechos.<br \/>\nTodas las marcas que formamos parte del Grupo Vinarchy compartimos una larga tradici\u00f3n de dedicaci\u00f3n al consumo responsable y como consecuencia de ello, esperamos que no publiques cualquier tipo de contenido que:<\/p>\n<ul>\n<li>Presente a toda persona que aparente o sea menor de edad, incluida toda persona asociada al consumo de bebidas alcoh\u00f3licas que no tenga la edad m\u00ednima del consumo legal (ni parezca tener 25 a\u00f1os).<\/li>\n<li>Haya sido realizado por una persona con una edad menor que la edad de consumo legal.<\/li>\n<li>Incite la compra o el consumo de bebidas alcoh\u00f3licas por menores o incite un consumo irresponsable o inmoderado.<\/li>\n<li>Promueva el consumo excesivo o condene o critique, de cualquier manera, a toda persona que opte por no consumir alcohol.<\/li>\n<li>Presente el consumo irresponsable de bebidas alcoh\u00f3licas de manera positiva o asocie el consumo con la conducci\u00f3n, la manipulaci\u00f3n de todo tipo de maquinaria o la realizaci\u00f3n de todo tipo de actividad peligrosa.<\/li>\n<\/ul>\n<p>Si tu publicaci\u00f3n no cumple con dichas indicaciones ser\u00e1 retirado y\/o eliminado del Medio Digital.<br \/>\nEn cualquier caso, Vinarchy Spain se reserva el derecho a realizar las modificaciones que considere oportunas en los materiales alojados en su p\u00e1gina web o a retirarlos definitivamente a su libre criterio y discreci\u00f3n.<br \/>\nPara mayor informaci\u00f3n sobre nuestro compromiso con el consumo responsable, puedes visitar: <a href=\"www.wineinmoderation.eu\" target=\"_blank\" rel=\"noopener\">www.wineinmoderation.eu<\/a>.<\/p>\n<h3>Contrataci\u00f3n de productos y\/o servicios<\/h3>\n<p>En el caso de que decidas disfrutar de los productos y\/o servicios que ofrecemos en nuestros Medios Digitales, debes tener en cuenta que aplicar\u00e1n las condiciones particulares publicadas en cada caso. En todo caso, te informaremos de las mismas antes de adquirir cualquiera de nuestros productos y\/o servicios.<\/p>\n<h3>Enlaces con otros sitios<\/h3>\n<p>Los enlaces desde los Medios Digitales con webs de terceros se proporcionan para tu conveniencia. Si pinchas en un enlace, saldr\u00e1s de la p\u00e1gina web. Vinarchy Spain no se hace responsable de la legalidad de otros Medios Digitales de terceros que pudieran estar vinculados o enlazados desde este portal.<\/p>\n<h3>Enlaces con Medios Digitales de Vinarchy Spain<\/h3>\n<p>Si deseas crear un enlace con alguno de nuestros Medios Digitales, podr\u00e1s hacerlo con la \u00fanica limitaci\u00f3n de que el enlace no suponga la reproducci\u00f3n de la p\u00e1gina principal de nuestra web, y siempre y cuando cumplas con las siguientes condiciones:<\/p>\n<ul>\n<li>no se retira, distorsiona ni modifica el tama\u00f1o o dise\u00f1o de nuestros logotipos<\/li>\n<li>no se crea un frame u otro entorno de navegador o con m\u00e1rgenes alrededor de la web;<\/li>\n<li>no se dar\u00e1 a entender, por cualquier t\u00edtulo, que Vinarchy Spain est\u00e1 promocionando productos o servicios distintos de los suyos propios;<\/li>\n<li>no se tergiversa su relaci\u00f3n con Vinarchy Spain ni presenta otra informaci\u00f3n falsa acerca de Vinarchy Spain;<\/li>\n<li>no se hace uso de las marcas registradas publicadas en la web sin el consentimiento escrito de Vinarchy Spain;<\/li>\n<li>no se incluye un enlace desde una p\u00e1gina web que no sea de su propiedad; y<\/li>\n<li>la web no contiene elementos desagradables, ofensivos o pol\u00e9micos, no viola ning\u00fan derecho de propiedad intelectual u otro derecho de tercero, ni infringe las leyes y normas de aplicaci\u00f3n.<\/li>\n<\/ul>\n<h3>Otros avisos legales<\/h3>\n<p>Est\u00e1n publicados en este Medio Digital otros avisos legales relacionados con el uso de zonas concretas.<\/p>\n<h3>Sostenibilidad y Responsabilidad Social<\/h3>\n<p>Vinarchy Spain es miembro de la Federaci\u00f3n Espa\u00f1ola del Vino y debe aplicar en la comunicaci\u00f3n de sus marcas lo dispuesto por el C\u00f3digo de Autorregulaci\u00f3n del Vino en materia de Publicidad y Comunicaciones Comerciales que regula, entre otros aspectos, la aplicaci\u00f3n del programa europeo de consumo responsable &#8220;Wine in Moderation&#8221;, cuyo debido cumplimiento est\u00e1 supervisado por la sociedad Autocontrol.<br \/>\nVinarchy Spain asume el compromiso de aplicar con responsabilidad las normas que regulan el trabajo. Concretamente, Vinarchy Spain est\u00e1 adherida al Pacto Mundial de Naciones Unidas y se compromete a gestionar su negocio de manera social y \u00e9ticamente responsable, adem\u00e1s promover\u00e1 y apoyar\u00e1 el citado Pacto Mundial de las Naciones Unidas y respetar\u00e1 y cumplir\u00e1 con las normas laborales internacionales, especialmente con las dictadas por la Organizaci\u00f3n Internacional del Trabajo, relacionados con los derechos sindicales, igualdad de trato, remuneraciones y la supresi\u00f3n del trabajo infantil.<br \/>\nVinarchy Spain respeta la totalidad de las leyes y normas concernientes a la higiene, la seguridad y el medio ambiente en vigor en cada momento.<br \/>\nVinarchy Spain manifiesta tener una actitud activamente contraria al fraude econ\u00f3mico, fiscal y al blanqueo de capitales; concretamente, se obliga a no mantener conductas fraudulentas ni contrarias a la ley y a velar por el cumplimiento de las leyes por parte de sus empresas colaboradoras.<\/p>\n<h3>Legislaci\u00f3n y jurisdicci\u00f3n aplicable<\/h3>\n<p>Las presentes Condiciones y los temas relacionados con las mismas se regir\u00e1n por las leyes de Espa\u00f1a y la jurisdicci\u00f3n no exclusiva corresponder\u00e1 a los Tribunales de San Sebasti\u00e1n.<\/p>\n<p>Ultima actualizaci\u00f3n: Marzo 2025.<\/p>\n<\/div>\n        <\/div>\n    <\/div>\n","protected":false},"excerpt":{"rendered":"","protected":false},"author":39,"featured_media":0,"parent":0,"menu_order":0,"comment_status":"closed","ping_status":"closed","template":"","meta":{"_acf_changed":false,"footnotes":""},"class_list":["post-8204","page","type-page","status-publish","hentry"],"acf":[],"yoast_head":"<!-- This site is optimized with the Yoast SEO plugin v27.4 - https:\/\/yoast.com\/product\/yoast-seo-wordpress\/ -->\n<title>Terms of Use - Campo Viejo Wines ES<\/title>\n<meta name=\"description\" content=\"Each time you access our Campo Viejo website, you acknowledge that you have read our terms of use and agree to be bound by them -Find Out More!\" \/>\n<meta name=\"robots\" content=\"index, follow, max-snippet:-1, max-image-preview:large, max-video-preview:-1\" \/>\n<link rel=\"canonical\" href=\"https:\/\/www.campoviejo.com\/es\/terms-of-use\/\" \/>\n<meta property=\"og:locale\" content=\"es_ES\" \/>\n<meta property=\"og:type\" content=\"article\" \/>\n<meta property=\"og:title\" content=\"Terms of Use - Campo Viejo Wines ES\" \/>\n<meta property=\"og:description\" content=\"Each time you access our Campo Viejo website, you acknowledge that you have read our terms of use and agree to be bound by them -Find Out More!\" \/>\n<meta property=\"og:url\" content=\"https:\/\/www.campoviejo.com\/es\/terms-of-use\/\" \/>\n<meta property=\"og:site_name\" content=\"Campo Viejo\" \/>\n<meta property=\"article:modified_time\" content=\"2025-10-22T13:35:19+00:00\" \/>\n<meta name=\"twitter:card\" content=\"summary_large_image\" \/>\n<script type=\"application\/ld+json\" class=\"yoast-schema-graph\">{\"@context\":\"https:\\\/\\\/schema.org\",\"@graph\":[{\"@type\":\"WebPage\",\"@id\":\"https:\\\/\\\/www.campoviejo.com\\\/es\\\/terms-of-use\\\/\",\"url\":\"https:\\\/\\\/www.campoviejo.com\\\/es\\\/terms-of-use\\\/\",\"name\":\"Terms of Use - Campo Viejo Wines ES\",\"isPartOf\":{\"@id\":\"https:\\\/\\\/www.campoviejo.com\\\/#website\"},\"datePublished\":\"2021-12-14T23:30:34+00:00\",\"dateModified\":\"2025-10-22T13:35:19+00:00\",\"description\":\"Each time you access our Campo Viejo website, you acknowledge that you have read our terms of use and agree to be bound by them -Find Out More!\",\"breadcrumb\":{\"@id\":\"https:\\\/\\\/www.campoviejo.com\\\/es\\\/terms-of-use\\\/#breadcrumb\"},\"inLanguage\":\"es-ES\",\"potentialAction\":[{\"@type\":\"ReadAction\",\"target\":[\"https:\\\/\\\/www.campoviejo.com\\\/es\\\/terms-of-use\\\/\"]}]},{\"@type\":\"BreadcrumbList\",\"@id\":\"https:\\\/\\\/www.campoviejo.com\\\/es\\\/terms-of-use\\\/#breadcrumb\",\"itemListElement\":[{\"@type\":\"ListItem\",\"position\":1,\"name\":\"Home\",\"item\":\"https:\\\/\\\/www.campoviejo.com\\\/es\\\/\"},{\"@type\":\"ListItem\",\"position\":2,\"name\":\"Terms of Use\"}]},{\"@type\":\"WebSite\",\"@id\":\"https:\\\/\\\/www.campoviejo.com\\\/#website\",\"url\":\"https:\\\/\\\/www.campoviejo.com\\\/\",\"name\":\"Campo Viejo\",\"description\":\"\",\"publisher\":{\"@id\":\"https:\\\/\\\/www.campoviejo.com\\\/#organization\"},\"potentialAction\":[{\"@type\":\"SearchAction\",\"target\":{\"@type\":\"EntryPoint\",\"urlTemplate\":\"https:\\\/\\\/www.campoviejo.com\\\/?s={search_term_string}\"},\"query-input\":{\"@type\":\"PropertyValueSpecification\",\"valueRequired\":true,\"valueName\":\"search_term_string\"}}],\"inLanguage\":\"es-ES\"},{\"@type\":\"Organization\",\"@id\":\"https:\\\/\\\/www.campoviejo.com\\\/#organization\",\"name\":\"Campo Viejo Wines\",\"url\":\"https:\\\/\\\/www.campoviejo.com\\\/\",\"logo\":{\"@type\":\"ImageObject\",\"inLanguage\":\"es-ES\",\"@id\":\"https:\\\/\\\/www.campoviejo.com\\\/#\\\/schema\\\/logo\\\/image\\\/\",\"url\":\"https:\\\/\\\/www.campoviejo.com\\\/wp-content\\\/uploads\\\/2021\\\/12\\\/CV-Logo-New-CV-en-PNG-1.png\",\"contentUrl\":\"https:\\\/\\\/www.campoviejo.com\\\/wp-content\\\/uploads\\\/2021\\\/12\\\/CV-Logo-New-CV-en-PNG-1.png\",\"width\":284,\"height\":158,\"caption\":\"Campo Viejo Wines\"},\"image\":{\"@id\":\"https:\\\/\\\/www.campoviejo.com\\\/#\\\/schema\\\/logo\\\/image\\\/\"}}]}<\/script>\n<!-- \/ Yoast SEO plugin. -->","yoast_head_json":{"title":"Terms of Use - Campo Viejo Wines ES","description":"Each time you access our Campo Viejo website, you acknowledge that you have read our terms of use and agree to be bound by them -Find Out More!","robots":{"index":"index","follow":"follow","max-snippet":"max-snippet:-1","max-image-preview":"max-image-preview:large","max-video-preview":"max-video-preview:-1"},"canonical":"https:\/\/www.campoviejo.com\/es\/terms-of-use\/","og_locale":"es_ES","og_type":"article","og_title":"Terms of Use - Campo Viejo Wines ES","og_description":"Each time you access our Campo Viejo website, you acknowledge that you have read our terms of use and agree to be bound by them -Find Out More!","og_url":"https:\/\/www.campoviejo.com\/es\/terms-of-use\/","og_site_name":"Campo Viejo","article_modified_time":"2025-10-22T13:35:19+00:00","twitter_card":"summary_large_image","schema":{"@context":"https:\/\/schema.org","@graph":[{"@type":"WebPage","@id":"https:\/\/www.campoviejo.com\/es\/terms-of-use\/","url":"https:\/\/www.campoviejo.com\/es\/terms-of-use\/","name":"Terms of Use - Campo Viejo Wines ES","isPartOf":{"@id":"https:\/\/www.campoviejo.com\/#website"},"datePublished":"2021-12-14T23:30:34+00:00","dateModified":"2025-10-22T13:35:19+00:00","description":"Each time you access our Campo Viejo website, you acknowledge that you have read our terms of use and agree to be bound by them -Find Out More!","breadcrumb":{"@id":"https:\/\/www.campoviejo.com\/es\/terms-of-use\/#breadcrumb"},"inLanguage":"es-ES","potentialAction":[{"@type":"ReadAction","target":["https:\/\/www.campoviejo.com\/es\/terms-of-use\/"]}]},{"@type":"BreadcrumbList","@id":"https:\/\/www.campoviejo.com\/es\/terms-of-use\/#breadcrumb","itemListElement":[{"@type":"ListItem","position":1,"name":"Home","item":"https:\/\/www.campoviejo.com\/es\/"},{"@type":"ListItem","position":2,"name":"Terms of Use"}]},{"@type":"WebSite","@id":"https:\/\/www.campoviejo.com\/#website","url":"https:\/\/www.campoviejo.com\/","name":"Campo Viejo","description":"","publisher":{"@id":"https:\/\/www.campoviejo.com\/#organization"},"potentialAction":[{"@type":"SearchAction","target":{"@type":"EntryPoint","urlTemplate":"https:\/\/www.campoviejo.com\/?s={search_term_string}"},"query-input":{"@type":"PropertyValueSpecification","valueRequired":true,"valueName":"search_term_string"}}],"inLanguage":"es-ES"},{"@type":"Organization","@id":"https:\/\/www.campoviejo.com\/#organization","name":"Campo Viejo Wines","url":"https:\/\/www.campoviejo.com\/","logo":{"@type":"ImageObject","inLanguage":"es-ES","@id":"https:\/\/www.campoviejo.com\/#\/schema\/logo\/image\/","url":"https:\/\/www.campoviejo.com\/wp-content\/uploads\/2021\/12\/CV-Logo-New-CV-en-PNG-1.png","contentUrl":"https:\/\/www.campoviejo.com\/wp-content\/uploads\/2021\/12\/CV-Logo-New-CV-en-PNG-1.png","width":284,"height":158,"caption":"Campo Viejo Wines"},"image":{"@id":"https:\/\/www.campoviejo.com\/#\/schema\/logo\/image\/"}}]}},"_links":{"self":[{"href":"https:\/\/www.campoviejo.com\/es\/wp-json\/wp\/v2\/pages\/8204","targetHints":{"allow":["GET"]}}],"collection":[{"href":"https:\/\/www.campoviejo.com\/es\/wp-json\/wp\/v2\/pages"}],"about":[{"href":"https:\/\/www.campoviejo.com\/es\/wp-json\/wp\/v2\/types\/page"}],"author":[{"embeddable":true,"href":"https:\/\/www.campoviejo.com\/es\/wp-json\/wp\/v2\/users\/39"}],"replies":[{"embeddable":true,"href":"https:\/\/www.campoviejo.com\/es\/wp-json\/wp\/v2\/comments?post=8204"}],"version-history":[{"count":20,"href":"https:\/\/www.campoviejo.com\/es\/wp-json\/wp\/v2\/pages\/8204\/revisions"}],"predecessor-version":[{"id":16393,"href":"https:\/\/www.campoviejo.com\/es\/wp-json\/wp\/v2\/pages\/8204\/revisions\/16393"}],"wp:attachment":[{"href":"https:\/\/www.campoviejo.com\/es\/wp-json\/wp\/v2\/media?parent=8204"}],"curies":[{"name":"wp","href":"https:\/\/api.w.org\/{rel}","templated":true}]}}