{"id":9923,"date":"2022-01-03T11:35:43","date_gmt":"2022-01-03T11:35:43","guid":{"rendered":"https:\/\/www.campoviejo.com\/decanta-lavida\/"},"modified":"2023-10-31T12:38:39","modified_gmt":"2023-10-31T12:38:39","slug":"add-some-pasion","status":"publish","type":"page","link":"https:\/\/www.campoviejo.com\/es\/add-some-pasion\/","title":{"rendered":"Add some pasi\u00f3n"},"content":{"rendered":"<section class=\"block-page-banner  with-breadcrumbs  cv-2023-pasion-hero\" id=\"block_394eb76473f4344dc30598ede718d4ca\" style=\"color: #ffffff; background-color: #000000\">\n    <img fetchpriority=\"high\" decoding=\"async\" width=\"1633\" height=\"768\" src=\"https:\/\/www.campoviejo.com\/wp-content\/uploads\/2023\/02\/pasion-hero-2-1633x768.png\" class=\"banner-bg d-none d-md-block pr-lazy-skip\" alt=\"\" loading=\"eager\" srcset=\"https:\/\/www.campoviejo.com\/wp-content\/uploads\/2023\/02\/pasion-hero-2-1633x768.png 1633w, https:\/\/www.campoviejo.com\/wp-content\/uploads\/2023\/02\/pasion-hero-2-300x141.png 300w, https:\/\/www.campoviejo.com\/wp-content\/uploads\/2023\/02\/pasion-hero-2-1024x482.png 1024w, https:\/\/www.campoviejo.com\/wp-content\/uploads\/2023\/02\/pasion-hero-2-768x361.png 768w, https:\/\/www.campoviejo.com\/wp-content\/uploads\/2023\/02\/pasion-hero-2-1536x722.png 1536w, https:\/\/www.campoviejo.com\/wp-content\/uploads\/2023\/02\/pasion-hero-2-239x112.png 239w, https:\/\/www.campoviejo.com\/wp-content\/uploads\/2023\/02\/pasion-hero-2-324x152.png 324w, https:\/\/www.campoviejo.com\/wp-content\/uploads\/2023\/02\/pasion-hero-2-146x69.png 146w, https:\/\/www.campoviejo.com\/wp-content\/uploads\/2023\/02\/pasion-hero-2-234x110.png 234w, https:\/\/www.campoviejo.com\/wp-content\/uploads\/2023\/02\/pasion-hero-2-197x93.png 197w, https:\/\/www.campoviejo.com\/wp-content\/uploads\/2023\/02\/pasion-hero-2-1212x570.png 1212w, https:\/\/www.campoviejo.com\/wp-content\/uploads\/2023\/02\/pasion-hero-2-1914x900.png 1914w, https:\/\/www.campoviejo.com\/wp-content\/uploads\/2023\/02\/pasion-hero-2-824x388.png 824w, https:\/\/www.campoviejo.com\/wp-content\/uploads\/2023\/02\/pasion-hero-2-375x176.png 375w, https:\/\/www.campoviejo.com\/wp-content\/uploads\/2023\/02\/pasion-hero-2.png 1920w\" sizes=\"(max-width: 1633px) 100vw, 1633px\" \/><img decoding=\"async\" width=\"310\" height=\"550\" src=\"https:\/\/www.campoviejo.com\/wp-content\/uploads\/2023\/02\/pasion-hero-mobile-1-310x550.png\" class=\"banner-bg d-md-none pr-lazy-skip\" alt=\"\" loading=\"eager\" srcset=\"https:\/\/www.campoviejo.com\/wp-content\/uploads\/2023\/02\/pasion-hero-mobile-1-310x550.png 310w, https:\/\/www.campoviejo.com\/wp-content\/uploads\/2023\/02\/pasion-hero-mobile-1-169x300.png 169w, https:\/\/www.campoviejo.com\/wp-content\/uploads\/2023\/02\/pasion-hero-mobile-1-75x134.png 75w, https:\/\/www.campoviejo.com\/wp-content\/uploads\/2023\/02\/pasion-hero-mobile-1-189x336.png 189w, https:\/\/www.campoviejo.com\/wp-content\/uploads\/2023\/02\/pasion-hero-mobile-1-146x259.png 146w, https:\/\/www.campoviejo.com\/wp-content\/uploads\/2023\/02\/pasion-hero-mobile-1-234x416.png 234w, https:\/\/www.campoviejo.com\/wp-content\/uploads\/2023\/02\/pasion-hero-mobile-1-197x350.png 197w, https:\/\/www.campoviejo.com\/wp-content\/uploads\/2023\/02\/pasion-hero-mobile-1-349x620.png 349w, https:\/\/www.campoviejo.com\/wp-content\/uploads\/2023\/02\/pasion-hero-mobile-1.png 375w\" sizes=\"(max-width: 310px) 100vw, 310px\" \/>    <div class=\"container\">\n        <div class=\"row\">\n            <div class=\"col-12\">\n                <div class=\"banner-content\">\n                                                                            <\/div>\n            <\/div>\n        <\/div>\n    <\/div>\n<\/section>\n<section class=\"breadcrumbs-wrapper\">\n    <div class=\"container\">\n        <div class=\"row\">\n            <div class=\"col-12\">\n                <p id=\"breadcrumbs\">\n                    <span>\n                        <span>\n                                                            <a href=\"https:\/\/www.campoviejo.com\">Home<\/a>\n                                <span class=\"separator\">|<\/span>\n                                <strong class=\"breadcrumb_last\" aria-current=\"page\"><\/strong>\n                                                    <\/span>\n                    <\/span>\n                <\/p>\n            <\/div>\n        <\/div>\n    <\/div>\n<\/section>\n\n    <div class=\"block-video-list cv-2023-pasion-video\" id=\"block_276e24fbb56f4675e9c6866f51cf0f5d\">\n        <div class=\"container\">\n                            <div class=\"content-wrapper\">\n                                                                                    <div class=\"default-content\"><p>No hay nada mejor que vivir y disfrutar de la vida al m\u00e1ximo, haciendo cada momento \u00fanico y convirtiendo lo cotidiano en algo especial.<br \/>\nEsto es algo que nos caracteriza a todos. En <strong>Campo Viejo<\/strong>, apostamos por disfrutar la vida de una forma din\u00e1mica, generosa y aut\u00e9ntica:<br \/>\nTodo ello a\u00f1adiendo un ingrediente tan importante como la <strong>Pasi\u00f3n<\/strong>. Definida como el \u201cdeseo o entusiasmo intenso por algo, impulsado por una emoci\u00f3n fuerte o sentimiento\u201d, <strong>Pasi\u00f3n<\/strong> es el componente clave que ha llevado a <strong>Campo Viejo<\/strong>, desde sus inicios, a convertirse en el vino de Rioja <strong>#1 del mundo<\/strong>. Porque con <strong>Pasi\u00f3n<\/strong>, lo simple, en un momento, se puede convertir en algo extraordinario.<\/p>\n<\/div>\n                                    <\/div>\n                                        <div class=\"video-embed-list\">\n                                            <div class=\"video-wrapper\">\n                            <iframe loading=\"lazy\" title=\"Add some Pasi\u00f3n by Campo Viejo Global Campaign\" width=\"640\" height=\"360\" src=\"https:\/\/www.youtube.com\/embed\/KtWYPuf0Te4?feature=oembed\" frameborder=\"0\" allow=\"accelerometer; autoplay; clipboard-write; encrypted-media; gyroscope; picture-in-picture; web-share\" referrerpolicy=\"strict-origin-when-cross-origin\" allowfullscreen><\/iframe>                        <\/div>\n                                    <\/div>\n                    <\/div>\n    <\/div>\n\n\n<section class=\"block-text-content-with-image\" id=\"block_604cf0623ec1268cf733dc090259d91a\" style=\"background-color: #ffffff; color: ;\">\n    <div class=\"container\">\n        <div class=\"row align-items-center left-img-right-content\">\n            <div class=\"col-12 col-lg-6 col-content\">\n                <div class=\"content-wrapper\">\n                                            <h2 class='section-heading'  style='color: #931234;' >Casa Pasi\u00f3n<\/h2>                    \n                                            <div class=\"default-content desc\" style=\"color: #000000;\">\n                            <p>Casa Pasi\u00f3n es el lugar donde el vino, el arte, la gastronom\u00eda y la m\u00fasica se entrelazan para celebrar la espontaneidad, esa forma de vivir tan nuestra y la chispa que nos mueve d\u00eda a d\u00eda.<\/p>\n                        <\/div>\n                    \n                                            <div class=\"btn-wrapper\">\n                                                                                            <div class=\"btn-item\">\n                                    <a href=\"https:\/\/www.campoviejo.com\/es\/casa-pasion\/\" target=\"\" class=\"main-btn\">Desc\u00fabrela<\/a>\n                                <\/div>\n                                                    <\/div>\n                                    <\/div>\n            <\/div>\n            <div class=\"col-12 col-lg-6 col-image\">\n                <img loading=\"lazy\" decoding=\"async\" width=\"690\" height=\"541\" src=\"https:\/\/www.campoviejo.com\/wp-content\/uploads\/2023\/10\/casapasion_inside.png\" class=\"featured-img\" alt=\"\" srcset=\"https:\/\/www.campoviejo.com\/wp-content\/uploads\/2023\/10\/casapasion_inside.png 860w, https:\/\/www.campoviejo.com\/wp-content\/uploads\/2023\/10\/casapasion_inside-300x235.png 300w, https:\/\/www.campoviejo.com\/wp-content\/uploads\/2023\/10\/casapasion_inside-768x602.png 768w, https:\/\/www.campoviejo.com\/wp-content\/uploads\/2023\/10\/casapasion_inside-171x134.png 171w, https:\/\/www.campoviejo.com\/wp-content\/uploads\/2023\/10\/casapasion_inside-324x254.png 324w, https:\/\/www.campoviejo.com\/wp-content\/uploads\/2023\/10\/casapasion_inside-146x114.png 146w, https:\/\/www.campoviejo.com\/wp-content\/uploads\/2023\/10\/casapasion_inside-234x183.png 234w, https:\/\/www.campoviejo.com\/wp-content\/uploads\/2023\/10\/casapasion_inside-197x154.png 197w, https:\/\/www.campoviejo.com\/wp-content\/uploads\/2023\/10\/casapasion_inside-791x620.png 791w, https:\/\/www.campoviejo.com\/wp-content\/uploads\/2023\/10\/casapasion_inside-824x646.png 824w, https:\/\/www.campoviejo.com\/wp-content\/uploads\/2023\/10\/casapasion_inside-375x294.png 375w\" sizes=\"auto, (max-width: 690px) 100vw, 690px\" \/>            <\/div>\n        <\/div>\n    <\/div>\n<\/section>\n\n<section class=\"block-text-content-with-image\" id=\"block_cdbe819e6266e8a2f93d0a9b76f2ff9d\" style=\"background-color: #ffffff; color: ;\">\n    <div class=\"container\">\n        <div class=\"row align-items-center left-content-right-img\">\n            <div class=\"col-12 col-lg-6 col-content\">\n                <div class=\"content-wrapper\">\n                                            <h2 class='section-heading'  style='color: #931234;' >Mister Piro<\/h2>                    \n                                            <div class=\"default-content desc\" style=\"color: #000000;\">\n                            <p><span class=\"s5\">Arte y vino se funden a trav\u00e9s del impulso creativo en la nueva Edici\u00f3n Limitada de Campo Viejo Reserva dise\u00f1ada por el artista\u00a0<\/span><span class=\"s5\">Misterpiro<\/span><span class=\"s5\">. Una colaboraci\u00f3n que, a trav\u00e9s de pinceladas, texturas y colores, habla de forma natural sobre el est\u00edmulo de creaci\u00f3n en ambos \u00e1mbitos: la PASI\u00d3N.<\/span><\/p>\n                        <\/div>\n                    \n                                            <div class=\"btn-wrapper\">\n                                                                                            <div class=\"btn-item\">\n                                    <a href=\"https:\/\/www.campoviejo.com\/es\/mister-piro\/\" target=\"\" class=\"main-btn\">Desc\u00fabrela<\/a>\n                                <\/div>\n                                                    <\/div>\n                                    <\/div>\n            <\/div>\n            <div class=\"col-12 col-lg-6 col-image\">\n                <img loading=\"lazy\" decoding=\"async\" width=\"690\" height=\"541\" src=\"https:\/\/www.campoviejo.com\/wp-content\/uploads\/2023\/10\/mrpiro_inside.png\" class=\"featured-img\" alt=\"\" srcset=\"https:\/\/www.campoviejo.com\/wp-content\/uploads\/2023\/10\/mrpiro_inside.png 860w, https:\/\/www.campoviejo.com\/wp-content\/uploads\/2023\/10\/mrpiro_inside-300x235.png 300w, https:\/\/www.campoviejo.com\/wp-content\/uploads\/2023\/10\/mrpiro_inside-768x602.png 768w, https:\/\/www.campoviejo.com\/wp-content\/uploads\/2023\/10\/mrpiro_inside-171x134.png 171w, https:\/\/www.campoviejo.com\/wp-content\/uploads\/2023\/10\/mrpiro_inside-324x254.png 324w, https:\/\/www.campoviejo.com\/wp-content\/uploads\/2023\/10\/mrpiro_inside-146x114.png 146w, https:\/\/www.campoviejo.com\/wp-content\/uploads\/2023\/10\/mrpiro_inside-234x183.png 234w, https:\/\/www.campoviejo.com\/wp-content\/uploads\/2023\/10\/mrpiro_inside-197x154.png 197w, https:\/\/www.campoviejo.com\/wp-content\/uploads\/2023\/10\/mrpiro_inside-791x620.png 791w, https:\/\/www.campoviejo.com\/wp-content\/uploads\/2023\/10\/mrpiro_inside-824x646.png 824w, https:\/\/www.campoviejo.com\/wp-content\/uploads\/2023\/10\/mrpiro_inside-375x294.png 375w\" sizes=\"auto, (max-width: 690px) 100vw, 690px\" \/>            <\/div>\n        <\/div>\n    <\/div>\n<\/section>\n\n<div class='block-text-no-format pt-5'><style>\r\n    .cv-2023-styleblock {\r\n        display: none;\r\n    }\r\n\r\n    .cv-2023-pasion-hero.block-page-banner::after{\r\n        background: none;\r\n    }\r\n    .cv-2023-pasion-hero.block-page-banner .banner-bg{\r\n        object-position: bottom center;\r\n    }\r\n\r\n    .cv-2023-pasion-video.block-video-list p{\r\n        margin-bottom: 5px !important;\r\n    }\r\n    .cv-2023-pasion-feature{\r\n        display: none\r\n    }\r\n\r\n    .block-text-content-with-image .content-wrapper .btn-wrapper a.main-btn,\r\n    .cv-2023-pasion-feature .btn-wrapper a.main-btn{\r\n        border-radius: 8px;\r\n        font-size: 18px !important;\r\n        min-height: auto !important;\r\n        min-width: auto !important;\r\n    }\r\n\r\n.block-text-content-with-image .featured-img {\r\nmax-width: 80%;\r\n}\r\n\r\n.block-text-content-with-image{\r\npadding: 1rem 0!important;\r\n}\r\n\r\n@media screen and (min-width: 992px){\r\n.block-text-content-with-image {\r\n   padding: 1rem 0!important;\r\n}\r\n}\r\n\r\n@media screen and (min-width: 1200px){\r\n.block-text-content-with-image {\r\n    padding: 1rem 0!important;\r\n}\r\n}\r\n\r\n\r\n<\/style><\/div>","protected":false},"excerpt":{"rendered":"","protected":false},"author":39,"featured_media":0,"parent":0,"menu_order":0,"comment_status":"closed","ping_status":"closed","template":"","meta":{"_acf_changed":false,"footnotes":""},"class_list":["post-9923","page","type-page","status-publish","hentry"],"acf":[],"yoast_head":"<!-- This site is optimized with the Yoast SEO plugin v27.3 - https:\/\/yoast.com\/product\/yoast-seo-wordpress\/ -->\n<title>Add some pasi\u00f3n | Campo Viejo<\/title>\n<meta name=\"robots\" content=\"index, follow, max-snippet:-1, max-image-preview:large, max-video-preview:-1\" \/>\n<link rel=\"canonical\" href=\"https:\/\/www.campoviejo.com\/add-some-pasion\/\" \/>\n<meta property=\"og:locale\" content=\"es_ES\" \/>\n<meta property=\"og:type\" content=\"article\" \/>\n<meta property=\"og:title\" content=\"Add some pasi\u00f3n | Campo Viejo\" \/>\n<meta property=\"og:url\" content=\"https:\/\/www.campoviejo.com\/add-some-pasion\/\" \/>\n<meta property=\"og:site_name\" content=\"Campo Viejo\" \/>\n<meta property=\"article:modified_time\" content=\"2023-10-31T12:38:39+00:00\" \/>\n<meta name=\"twitter:card\" content=\"summary_large_image\" \/>\n<script type=\"application\/ld+json\" class=\"yoast-schema-graph\">{\"@context\":\"https:\\\/\\\/schema.org\",\"@graph\":[{\"@type\":\"WebPage\",\"@id\":\"https:\\\/\\\/www.campoviejo.com\\\/add-some-pasion\\\/\",\"url\":\"https:\\\/\\\/www.campoviejo.com\\\/add-some-pasion\\\/\",\"name\":\"Add some pasi\u00f3n | Campo Viejo\",\"isPartOf\":{\"@id\":\"https:\\\/\\\/www.campoviejo.com\\\/#website\"},\"datePublished\":\"2022-01-03T11:35:43+00:00\",\"dateModified\":\"2023-10-31T12:38:39+00:00\",\"breadcrumb\":{\"@id\":\"https:\\\/\\\/www.campoviejo.com\\\/add-some-pasion\\\/#breadcrumb\"},\"inLanguage\":\"es-ES\",\"potentialAction\":[{\"@type\":\"ReadAction\",\"target\":[\"https:\\\/\\\/www.campoviejo.com\\\/add-some-pasion\\\/\"]}]},{\"@type\":\"BreadcrumbList\",\"@id\":\"https:\\\/\\\/www.campoviejo.com\\\/add-some-pasion\\\/#breadcrumb\",\"itemListElement\":[{\"@type\":\"ListItem\",\"position\":1,\"name\":\"Home\",\"item\":\"https:\\\/\\\/www.campoviejo.com\\\/es\\\/\"},{\"@type\":\"ListItem\",\"position\":2,\"name\":\"Add some pasi\u00f3n\"}]},{\"@type\":\"WebSite\",\"@id\":\"https:\\\/\\\/www.campoviejo.com\\\/#website\",\"url\":\"https:\\\/\\\/www.campoviejo.com\\\/\",\"name\":\"Campo Viejo\",\"description\":\"\",\"publisher\":{\"@id\":\"https:\\\/\\\/www.campoviejo.com\\\/#organization\"},\"potentialAction\":[{\"@type\":\"SearchAction\",\"target\":{\"@type\":\"EntryPoint\",\"urlTemplate\":\"https:\\\/\\\/www.campoviejo.com\\\/?s={search_term_string}\"},\"query-input\":{\"@type\":\"PropertyValueSpecification\",\"valueRequired\":true,\"valueName\":\"search_term_string\"}}],\"inLanguage\":\"es-ES\"},{\"@type\":\"Organization\",\"@id\":\"https:\\\/\\\/www.campoviejo.com\\\/#organization\",\"name\":\"Campo Viejo Wines\",\"url\":\"https:\\\/\\\/www.campoviejo.com\\\/\",\"logo\":{\"@type\":\"ImageObject\",\"inLanguage\":\"es-ES\",\"@id\":\"https:\\\/\\\/www.campoviejo.com\\\/#\\\/schema\\\/logo\\\/image\\\/\",\"url\":\"https:\\\/\\\/www.campoviejo.com\\\/wp-content\\\/uploads\\\/2021\\\/12\\\/CV-Logo-New-CV-en-PNG-1.png\",\"contentUrl\":\"https:\\\/\\\/www.campoviejo.com\\\/wp-content\\\/uploads\\\/2021\\\/12\\\/CV-Logo-New-CV-en-PNG-1.png\",\"width\":284,\"height\":158,\"caption\":\"Campo Viejo Wines\"},\"image\":{\"@id\":\"https:\\\/\\\/www.campoviejo.com\\\/#\\\/schema\\\/logo\\\/image\\\/\"}}]}<\/script>\n<!-- \/ Yoast SEO plugin. -->","yoast_head_json":{"title":"Add some pasi\u00f3n | Campo Viejo","robots":{"index":"index","follow":"follow","max-snippet":"max-snippet:-1","max-image-preview":"max-image-preview:large","max-video-preview":"max-video-preview:-1"},"canonical":"https:\/\/www.campoviejo.com\/add-some-pasion\/","og_locale":"es_ES","og_type":"article","og_title":"Add some pasi\u00f3n | Campo Viejo","og_url":"https:\/\/www.campoviejo.com\/add-some-pasion\/","og_site_name":"Campo Viejo","article_modified_time":"2023-10-31T12:38:39+00:00","twitter_card":"summary_large_image","schema":{"@context":"https:\/\/schema.org","@graph":[{"@type":"WebPage","@id":"https:\/\/www.campoviejo.com\/add-some-pasion\/","url":"https:\/\/www.campoviejo.com\/add-some-pasion\/","name":"Add some pasi\u00f3n | Campo Viejo","isPartOf":{"@id":"https:\/\/www.campoviejo.com\/#website"},"datePublished":"2022-01-03T11:35:43+00:00","dateModified":"2023-10-31T12:38:39+00:00","breadcrumb":{"@id":"https:\/\/www.campoviejo.com\/add-some-pasion\/#breadcrumb"},"inLanguage":"es-ES","potentialAction":[{"@type":"ReadAction","target":["https:\/\/www.campoviejo.com\/add-some-pasion\/"]}]},{"@type":"BreadcrumbList","@id":"https:\/\/www.campoviejo.com\/add-some-pasion\/#breadcrumb","itemListElement":[{"@type":"ListItem","position":1,"name":"Home","item":"https:\/\/www.campoviejo.com\/es\/"},{"@type":"ListItem","position":2,"name":"Add some pasi\u00f3n"}]},{"@type":"WebSite","@id":"https:\/\/www.campoviejo.com\/#website","url":"https:\/\/www.campoviejo.com\/","name":"Campo Viejo","description":"","publisher":{"@id":"https:\/\/www.campoviejo.com\/#organization"},"potentialAction":[{"@type":"SearchAction","target":{"@type":"EntryPoint","urlTemplate":"https:\/\/www.campoviejo.com\/?s={search_term_string}"},"query-input":{"@type":"PropertyValueSpecification","valueRequired":true,"valueName":"search_term_string"}}],"inLanguage":"es-ES"},{"@type":"Organization","@id":"https:\/\/www.campoviejo.com\/#organization","name":"Campo Viejo Wines","url":"https:\/\/www.campoviejo.com\/","logo":{"@type":"ImageObject","inLanguage":"es-ES","@id":"https:\/\/www.campoviejo.com\/#\/schema\/logo\/image\/","url":"https:\/\/www.campoviejo.com\/wp-content\/uploads\/2021\/12\/CV-Logo-New-CV-en-PNG-1.png","contentUrl":"https:\/\/www.campoviejo.com\/wp-content\/uploads\/2021\/12\/CV-Logo-New-CV-en-PNG-1.png","width":284,"height":158,"caption":"Campo Viejo Wines"},"image":{"@id":"https:\/\/www.campoviejo.com\/#\/schema\/logo\/image\/"}}]}},"_links":{"self":[{"href":"https:\/\/www.campoviejo.com\/es\/wp-json\/wp\/v2\/pages\/9923","targetHints":{"allow":["GET"]}}],"collection":[{"href":"https:\/\/www.campoviejo.com\/es\/wp-json\/wp\/v2\/pages"}],"about":[{"href":"https:\/\/www.campoviejo.com\/es\/wp-json\/wp\/v2\/types\/page"}],"author":[{"embeddable":true,"href":"https:\/\/www.campoviejo.com\/es\/wp-json\/wp\/v2\/users\/39"}],"replies":[{"embeddable":true,"href":"https:\/\/www.campoviejo.com\/es\/wp-json\/wp\/v2\/comments?post=9923"}],"version-history":[{"count":29,"href":"https:\/\/www.campoviejo.com\/es\/wp-json\/wp\/v2\/pages\/9923\/revisions"}],"predecessor-version":[{"id":15795,"href":"https:\/\/www.campoviejo.com\/es\/wp-json\/wp\/v2\/pages\/9923\/revisions\/15795"}],"wp:attachment":[{"href":"https:\/\/www.campoviejo.com\/es\/wp-json\/wp\/v2\/media?parent=9923"}],"curies":[{"name":"wp","href":"https:\/\/api.w.org\/{rel}","templated":true}]}}