{"id":6477,"date":"2021-11-28T23:24:53","date_gmt":"2021-11-28T23:24:53","guid":{"rendered":"https:\/\/www.campoviejo.com\/product\/gran-reserva\/"},"modified":"2025-01-15T20:31:26","modified_gmt":"2025-01-15T18:31:26","slug":"gran-reserva","status":"publish","type":"product","link":"https:\/\/www.campoviejo.com\/es\/product\/gran-reserva\/","title":{"rendered":"Gran Reserva"},"content":{"rendered":"<section id=\"block_86e7975350373bd4b71f440016bafb17\" class=\"custom-wine-brief wrap-this \" style=\"background-color:#eeb211; color: #931234;\">\n    <img loading=\"lazy\" decoding=\"async\" width=\"375\" height=\"463\" src=\"https:\/\/www.campoviejo.com\/wp-content\/uploads\/2023\/03\/shape-reserva.png\" class=\"bg-image d-none d-sm-block\" alt=\"\" srcset=\"https:\/\/www.campoviejo.com\/wp-content\/uploads\/2023\/03\/shape-reserva.png 375w, https:\/\/www.campoviejo.com\/wp-content\/uploads\/2023\/03\/shape-reserva-243x300.png 243w, https:\/\/www.campoviejo.com\/wp-content\/uploads\/2023\/03\/shape-reserva-109x134.png 109w, https:\/\/www.campoviejo.com\/wp-content\/uploads\/2023\/03\/shape-reserva-272x336.png 272w, https:\/\/www.campoviejo.com\/wp-content\/uploads\/2023\/03\/shape-reserva-146x180.png 146w, https:\/\/www.campoviejo.com\/wp-content\/uploads\/2023\/03\/shape-reserva-234x289.png 234w, https:\/\/www.campoviejo.com\/wp-content\/uploads\/2023\/03\/shape-reserva-197x243.png 197w\" sizes=\"auto, (max-width: 375px) 100vw, 375px\" \/>    <div class=\"container\">\n        <div class=\"row justify-content-between\">\n            <div class=\"col-12 col-lg-4 col-brief\">\n                <div class=\"brief-description\">\n                                            <div class=\"top-text\">\n                                                            <a class=\"cat\" href=\"https:\/\/www.campoviejo.com\/es\/our-wines\/campo-viejo\/\">Campo Viejo<\/a>\n                                                        <\/div>\n                    \n                    \t\t\t\t\t    <h1 class='section-heading' >Gran Reserva<\/h1>                    \n                    \t\t\t\t\t   <div class=\"description default-content\"><p>La expresi\u00f3n m\u00e1s verdadera y compleja de los vinos m\u00e1s aut\u00e9nticos de Rioja.<\/p>\n<\/div>\n                    \n                                        \t\t\t\t<\/div>\n\t\t\t<\/div>\n\t\t\t<div class=\"col-12 col-lg-4 col-details\">\n                \t\t\t\t\t\t\t\t\t<table class=\"table details-table\">\n                        <tbody>\n                                                                                                                                                                                                                                                                                                                                                                                                                                                                                                                                                                                                                                                                                                                                                                                            <tr class=\"Country-item\">\n                                        <td class=\"name\"><strong>Country<\/strong><\/td>\n                                        <td class=\"value\">Espa\u00f1a<\/td>\n                                    <\/tr>\n                                                                                                                                                                    <tr class=\"ALC-VOL-item\">\n                                        <td class=\"name\"><strong>ALC\/VOL<\/strong><\/td>\n                                        <td class=\"value\">14%<\/td>\n                                    <\/tr>\n                                                                                                                                                                    <tr class=\"Varietal-item\">\n                                        <td class=\"name\"><strong>Varietal<\/strong><\/td>\n                                        <td class=\"value\"> Tempranillo, Graciano, Mazuelo<\/td>\n                                    <\/tr>\n                                                                                                                                                                                                                                                                        \n                                                    <\/tbody>\n\t\t\t\t\t<\/table>\n\t\t\t\t\t\t\t<\/div>\n\t\t<\/div>\n    <\/div>\n<\/section>\n\n\n\n<section id=\"block_c0a9352114a1b99949338af89d19e943\" class=\"custom-wine-tasting-notes wrap-this \" style=\"background-color:;\">\n\t    <div class=\"container\">\n\t\t<div class=\"row justify-content-between\">\n\t\t\t<div class=\"col-12 col-lg-4 col-brief order-lg-1\">\n\t\t\t\t<div class=\"brief-description\">\n                    <div class=\"heading-wrap\">\n                                                     <h2 class='section-heading' >FICHA DE CATA<\/h2>                        \n                                            <\/div>\n\n                    \n\t\t\t\t\t\t\t\t\t\t\t<div class=\"accordion-list\">\n\t\t\t\t\t\t\t\t\t\t\t\t\t\t\t<div class=\"accordion-item\">\n\t\t\t\t\t\t\t\t\t<div class=\"title\"><h3>NARIZ Y BOCA<\/h3><\/div>\n\t\t\t\t\t\t\t\t\t<div class=\"desc default-content\">Aroma complejo. Retiene los aromas afrutados de los frutos rojos maduros, como el de la mora negra, la mora azul o ar\u00e1ndano y las ciruelas negras, extraordinariamente bien equilibrado.<br \/>\r\n<br \/>\r\nSabor suave que llena la boca, con taninos dulces y refinados. Un final largo, elegante y perfumado con toques finales de caf\u00e9 con chocolate.<\/div>\n\t\t\t\t\t\t\t\t<\/div>\n\t\t\t\t\t\t\t\t\t\t\t\t\t\t\t<div class=\"accordion-item\">\n\t\t\t\t\t\t\t\t\t<div class=\"title\"><h3>MARIDAJE<\/h3><\/div>\n\t\t\t\t\t\t\t\t\t<div class=\"desc default-content\">Delicioso con carnes rojas, parrillas y asados, caza y quesos curados y azules. Marida perfectamente con estofado de cordero con salsa de casta\u00f1as.<\/div>\n\t\t\t\t\t\t\t\t<\/div>\n\t\t\t\t\t\t\t\t\t\t\t\t\t\t\t<div class=\"accordion-item\">\n\t\t\t\t\t\t\t\t\t<div class=\"title\"><h3>INFORMACI\u00d3N DEL PRODUCTO<\/h3><\/div>\n\t\t\t\t\t\t\t\t\t<div class=\"desc default-content\">Haga click <a href=\"https:\/\/e-label.pernod-ricard.com\/L0041D\" target=\"_blank\">aqu\u00ed<\/a> para m\u00e1s informaci\u00f3n sobre el producto.<\/div>\n\t\t\t\t\t\t\t\t<\/div>\n\t\t\t\t\t\t\t\t\t\t\t\t\t<\/div>\n\t\t\t\t\t\t\t\t\t<\/div>\n\t\t\t<\/div>\n\t\t\t<div class=\"col-12 col-lg-4 order-lg-2 tasting-image\">\n                <img loading=\"lazy\" decoding=\"async\" width=\"638\" height=\"561\" src=\"https:\/\/www.campoviejo.com\/wp-content\/uploads\/2023\/02\/product-red-grape.png\" class=\"ft-img\" alt=\"\" srcset=\"https:\/\/www.campoviejo.com\/wp-content\/uploads\/2023\/02\/product-red-grape.png 662w, https:\/\/www.campoviejo.com\/wp-content\/uploads\/2023\/02\/product-red-grape-300x264.png 300w, https:\/\/www.campoviejo.com\/wp-content\/uploads\/2023\/02\/product-red-grape-152x134.png 152w, https:\/\/www.campoviejo.com\/wp-content\/uploads\/2023\/02\/product-red-grape-324x285.png 324w, https:\/\/www.campoviejo.com\/wp-content\/uploads\/2023\/02\/product-red-grape-146x128.png 146w, https:\/\/www.campoviejo.com\/wp-content\/uploads\/2023\/02\/product-red-grape-234x206.png 234w, https:\/\/www.campoviejo.com\/wp-content\/uploads\/2023\/02\/product-red-grape-197x173.png 197w, https:\/\/www.campoviejo.com\/wp-content\/uploads\/2023\/02\/product-red-grape-375x330.png 375w\" sizes=\"auto, (max-width: 638px) 100vw, 638px\" \/>\t\t\t<\/div>\n\t\t<\/div>\n    <\/div>\n<\/section>\n\n<div class='block-text-no-format pt-5'><style>\r\n    .cv-2023-styleblock {\r\n        display: none;\r\n    }\r\n\r\n    .col-packshot{\r\n        background-color: #eeb211;\r\n    }\r\n\r\n    .custom-wine-brief .bg-image{\r\n        object-fit: contain !important;\r\n        display: none;\r\n    }\r\n\r\n    @media screen and (min-width: 1024px) {\r\n        .custom-wine-brief .bg-image{\r\n            display: block;\r\n        }\r\n        .col-packshot{\r\n            background-color: transparent;\r\n        }\r\n    }\r\n\r\n    .table.details-table{\r\n        color: #1B1B1B !important;\r\n    }\r\n\r\n    .custom-wine-brief .description.default-content{\r\n        color: #1B1B1B;\r\n    }\r\n    a.ctbuy-button, button.ctbuy-button{\r\n        border-radius: 8px;\r\n        font-size: 18px !important;\r\n        min-height: auto !important;\r\n        min-width: auto !important;\r\n    }\r\n    .custom-wine-brief .details-table tr td{\r\n        border-color: #1B1B1B !important;\r\n    }\r\n\r\n    .custom-wine-tasting-notes .accordion-list .accordion-item .title{\r\n        border-radius: 8px;\r\n    }\r\n\r\n    .custom-wine-tasting-notes .accordion-list .accordion-item.active .title{\r\n        border-radius: 8px 8px 0 0;\r\n    }\r\n\r\n    .custom-wine-tasting-notes .accordion-list .accordion-item .desc{\r\n        border-radius: 0 0 8px 8px;\r\n    }\r\n\r\n<\/style><\/div>\n\n<section id=\"block_d31553d1bb3cd2ebbc411bb5ac4f32a4\" class=\"custom-block-featured-wines \">\n    <div class=\"container\">\n        <div class=\"row\">\n            <div class=\"col-12\">\n                                    <h2 class='section-heading' >Tambi\u00e9n te puede interesar<\/h2>                                                                   <div class=\"product-list\">\n                                                    \n                            <div class=\"product-item\">\n                                <a href=\"https:\/\/www.campoviejo.com\/product\/cava-brut\/\" class=\"product-wrapper\">\n                                    <div class=\"product-image\">\n                                        <img decoding=\"async\" class=\"bg-thumb\" src=\"https:\/\/www.campoviejo.com\/wp-content\/uploads\/2023\/02\/cava-brut-2023-1-146x450.png\" alt=\"Cava Brut\" loading=\"lazy\">\n                                    <\/div>\n                                    <div class=\"product-data\">\n                                                                                <h3 class=\"title\">Cava Brut<\/h3>\n                                    <\/div>\n                                <\/a>\n                            <\/div>\n                                                    \n                            <div class=\"product-item\">\n                                <a href=\"https:\/\/www.campoviejo.com\/product\/garnacha\/\" class=\"product-wrapper\">\n                                    <div class=\"product-image\">\n                                        <img decoding=\"async\" class=\"bg-thumb\" src=\"https:\/\/www.campoviejo.com\/wp-content\/uploads\/2021\/11\/CampoViejo-Final-Garnacha-Render-1-146x450.png\" alt=\"Garnacha\" loading=\"lazy\">\n                                    <\/div>\n                                    <div class=\"product-data\">\n                                                                                <h3 class=\"title\">Garnacha<\/h3>\n                                    <\/div>\n                                <\/a>\n                            <\/div>\n                                                    \n                            <div class=\"product-item\">\n                                <a href=\"https:\/\/www.campoviejo.com\/product\/winemakers-art\/\" class=\"product-wrapper\">\n                                    <div class=\"product-image\">\n                                        <img decoding=\"async\" class=\"bg-thumb\" src=\"https:\/\/www.campoviejo.com\/wp-content\/uploads\/2021\/11\/Winemakers-Art-2-146x450.png\" alt=\"Winemaker&#8217;s Art\" loading=\"lazy\">\n                                    <\/div>\n                                    <div class=\"product-data\">\n                                                                                <h3 class=\"title\">Winemaker&#8217;s Art<\/h3>\n                                    <\/div>\n                                <\/a>\n                            <\/div>\n                                            <\/div>\n                            <\/div>\n        <\/div>\n    <\/div>\n<\/section>","protected":false},"featured_media":11219,"template":"","class_list":["post-6477","product","type-product","status-publish","has-post-thumbnail","hentry","product_category-campo-viejo","product_category-graciano","product_category-mazuelo","product_category-red-wine","product_category-tempranillo"],"acf":[],"yoast_head":"<!-- This site is optimized with the Yoast SEO plugin v27.3 - https:\/\/yoast.com\/product\/yoast-seo-wordpress\/ -->\n<title>Campo Viejo Gran Reserva - Campo Viejo Wines ES<\/title>\n<meta name=\"description\" content=\"Experience Campo Viejo Gran Reserva, a wine crafted over the course of five years. Balanced with smoky and spicy notes from oak -Find Out More!\" \/>\n<meta name=\"robots\" content=\"index, follow, max-snippet:-1, max-image-preview:large, max-video-preview:-1\" \/>\n<link rel=\"canonical\" href=\"https:\/\/www.campoviejo.com\/es\/product\/gran-reserva\/\" \/>\n<meta property=\"og:locale\" content=\"es_ES\" \/>\n<meta property=\"og:type\" content=\"article\" \/>\n<meta property=\"og:title\" content=\"Campo Viejo Gran Reserva - Campo Viejo Wines ES\" \/>\n<meta property=\"og:description\" content=\"Experience Campo Viejo Gran Reserva, a wine crafted over the course of five years. Balanced with smoky and spicy notes from oak -Find Out More!\" \/>\n<meta property=\"og:url\" content=\"https:\/\/www.campoviejo.com\/es\/product\/gran-reserva\/\" \/>\n<meta property=\"og:site_name\" content=\"Campo Viejo\" \/>\n<meta property=\"article:modified_time\" content=\"2025-01-15T18:31:26+00:00\" \/>\n<meta property=\"og:image\" content=\"https:\/\/www.campoviejo.com\/wp-content\/uploads\/2021\/11\/CampoViejo-Final-Gran-Reserva-Render-1.png\" \/>\n\t<meta property=\"og:image:width\" content=\"234\" \/>\n\t<meta property=\"og:image:height\" content=\"725\" \/>\n\t<meta property=\"og:image:type\" content=\"image\/png\" \/>\n<meta name=\"twitter:card\" content=\"summary_large_image\" \/>\n<script type=\"application\/ld+json\" class=\"yoast-schema-graph\">{\"@context\":\"https:\\\/\\\/schema.org\",\"@graph\":[{\"@type\":\"WebPage\",\"@id\":\"https:\\\/\\\/www.campoviejo.com\\\/es\\\/product\\\/gran-reserva\\\/\",\"url\":\"https:\\\/\\\/www.campoviejo.com\\\/es\\\/product\\\/gran-reserva\\\/\",\"name\":\"Campo Viejo Gran Reserva - Campo Viejo Wines ES\",\"isPartOf\":{\"@id\":\"https:\\\/\\\/www.campoviejo.com\\\/#website\"},\"primaryImageOfPage\":{\"@id\":\"https:\\\/\\\/www.campoviejo.com\\\/es\\\/product\\\/gran-reserva\\\/#primaryimage\"},\"image\":{\"@id\":\"https:\\\/\\\/www.campoviejo.com\\\/es\\\/product\\\/gran-reserva\\\/#primaryimage\"},\"thumbnailUrl\":\"https:\\\/\\\/www.campoviejo.com\\\/wp-content\\\/uploads\\\/2021\\\/11\\\/CampoViejo-Final-Gran-Reserva-Render-1.png\",\"datePublished\":\"2021-11-28T23:24:53+00:00\",\"dateModified\":\"2025-01-15T18:31:26+00:00\",\"description\":\"Experience Campo Viejo Gran Reserva, a wine crafted over the course of five years. Balanced with smoky and spicy notes from oak -Find Out More!\",\"breadcrumb\":{\"@id\":\"https:\\\/\\\/www.campoviejo.com\\\/es\\\/product\\\/gran-reserva\\\/#breadcrumb\"},\"inLanguage\":\"es-ES\",\"potentialAction\":[{\"@type\":\"ReadAction\",\"target\":[\"https:\\\/\\\/www.campoviejo.com\\\/es\\\/product\\\/gran-reserva\\\/\"]}]},{\"@type\":\"ImageObject\",\"inLanguage\":\"es-ES\",\"@id\":\"https:\\\/\\\/www.campoviejo.com\\\/es\\\/product\\\/gran-reserva\\\/#primaryimage\",\"url\":\"https:\\\/\\\/www.campoviejo.com\\\/wp-content\\\/uploads\\\/2021\\\/11\\\/CampoViejo-Final-Gran-Reserva-Render-1.png\",\"contentUrl\":\"https:\\\/\\\/www.campoviejo.com\\\/wp-content\\\/uploads\\\/2021\\\/11\\\/CampoViejo-Final-Gran-Reserva-Render-1.png\",\"width\":234,\"height\":725},{\"@type\":\"BreadcrumbList\",\"@id\":\"https:\\\/\\\/www.campoviejo.com\\\/es\\\/product\\\/gran-reserva\\\/#breadcrumb\",\"itemListElement\":[{\"@type\":\"ListItem\",\"position\":1,\"name\":\"Home\",\"item\":\"https:\\\/\\\/www.campoviejo.com\\\/es\\\/\"},{\"@type\":\"ListItem\",\"position\":2,\"name\":\"Gran Reserva\"}]},{\"@type\":\"WebSite\",\"@id\":\"https:\\\/\\\/www.campoviejo.com\\\/#website\",\"url\":\"https:\\\/\\\/www.campoviejo.com\\\/\",\"name\":\"Campo Viejo\",\"description\":\"\",\"publisher\":{\"@id\":\"https:\\\/\\\/www.campoviejo.com\\\/#organization\"},\"potentialAction\":[{\"@type\":\"SearchAction\",\"target\":{\"@type\":\"EntryPoint\",\"urlTemplate\":\"https:\\\/\\\/www.campoviejo.com\\\/?s={search_term_string}\"},\"query-input\":{\"@type\":\"PropertyValueSpecification\",\"valueRequired\":true,\"valueName\":\"search_term_string\"}}],\"inLanguage\":\"es-ES\"},{\"@type\":\"Organization\",\"@id\":\"https:\\\/\\\/www.campoviejo.com\\\/#organization\",\"name\":\"Campo Viejo Wines\",\"url\":\"https:\\\/\\\/www.campoviejo.com\\\/\",\"logo\":{\"@type\":\"ImageObject\",\"inLanguage\":\"es-ES\",\"@id\":\"https:\\\/\\\/www.campoviejo.com\\\/#\\\/schema\\\/logo\\\/image\\\/\",\"url\":\"https:\\\/\\\/www.campoviejo.com\\\/wp-content\\\/uploads\\\/2021\\\/12\\\/CV-Logo-New-CV-en-PNG-1.png\",\"contentUrl\":\"https:\\\/\\\/www.campoviejo.com\\\/wp-content\\\/uploads\\\/2021\\\/12\\\/CV-Logo-New-CV-en-PNG-1.png\",\"width\":284,\"height\":158,\"caption\":\"Campo Viejo Wines\"},\"image\":{\"@id\":\"https:\\\/\\\/www.campoviejo.com\\\/#\\\/schema\\\/logo\\\/image\\\/\"}}]}<\/script>\n<!-- \/ Yoast SEO plugin. -->","yoast_head_json":{"title":"Campo Viejo Gran Reserva - Campo Viejo Wines ES","description":"Experience Campo Viejo Gran Reserva, a wine crafted over the course of five years. Balanced with smoky and spicy notes from oak -Find Out More!","robots":{"index":"index","follow":"follow","max-snippet":"max-snippet:-1","max-image-preview":"max-image-preview:large","max-video-preview":"max-video-preview:-1"},"canonical":"https:\/\/www.campoviejo.com\/es\/product\/gran-reserva\/","og_locale":"es_ES","og_type":"article","og_title":"Campo Viejo Gran Reserva - Campo Viejo Wines ES","og_description":"Experience Campo Viejo Gran Reserva, a wine crafted over the course of five years. Balanced with smoky and spicy notes from oak -Find Out More!","og_url":"https:\/\/www.campoviejo.com\/es\/product\/gran-reserva\/","og_site_name":"Campo Viejo","article_modified_time":"2025-01-15T18:31:26+00:00","og_image":[{"width":234,"height":725,"url":"https:\/\/www.campoviejo.com\/wp-content\/uploads\/2021\/11\/CampoViejo-Final-Gran-Reserva-Render-1.png","type":"image\/png"}],"twitter_card":"summary_large_image","schema":{"@context":"https:\/\/schema.org","@graph":[{"@type":"WebPage","@id":"https:\/\/www.campoviejo.com\/es\/product\/gran-reserva\/","url":"https:\/\/www.campoviejo.com\/es\/product\/gran-reserva\/","name":"Campo Viejo Gran Reserva - Campo Viejo Wines ES","isPartOf":{"@id":"https:\/\/www.campoviejo.com\/#website"},"primaryImageOfPage":{"@id":"https:\/\/www.campoviejo.com\/es\/product\/gran-reserva\/#primaryimage"},"image":{"@id":"https:\/\/www.campoviejo.com\/es\/product\/gran-reserva\/#primaryimage"},"thumbnailUrl":"https:\/\/www.campoviejo.com\/wp-content\/uploads\/2021\/11\/CampoViejo-Final-Gran-Reserva-Render-1.png","datePublished":"2021-11-28T23:24:53+00:00","dateModified":"2025-01-15T18:31:26+00:00","description":"Experience Campo Viejo Gran Reserva, a wine crafted over the course of five years. Balanced with smoky and spicy notes from oak -Find Out More!","breadcrumb":{"@id":"https:\/\/www.campoviejo.com\/es\/product\/gran-reserva\/#breadcrumb"},"inLanguage":"es-ES","potentialAction":[{"@type":"ReadAction","target":["https:\/\/www.campoviejo.com\/es\/product\/gran-reserva\/"]}]},{"@type":"ImageObject","inLanguage":"es-ES","@id":"https:\/\/www.campoviejo.com\/es\/product\/gran-reserva\/#primaryimage","url":"https:\/\/www.campoviejo.com\/wp-content\/uploads\/2021\/11\/CampoViejo-Final-Gran-Reserva-Render-1.png","contentUrl":"https:\/\/www.campoviejo.com\/wp-content\/uploads\/2021\/11\/CampoViejo-Final-Gran-Reserva-Render-1.png","width":234,"height":725},{"@type":"BreadcrumbList","@id":"https:\/\/www.campoviejo.com\/es\/product\/gran-reserva\/#breadcrumb","itemListElement":[{"@type":"ListItem","position":1,"name":"Home","item":"https:\/\/www.campoviejo.com\/es\/"},{"@type":"ListItem","position":2,"name":"Gran Reserva"}]},{"@type":"WebSite","@id":"https:\/\/www.campoviejo.com\/#website","url":"https:\/\/www.campoviejo.com\/","name":"Campo Viejo","description":"","publisher":{"@id":"https:\/\/www.campoviejo.com\/#organization"},"potentialAction":[{"@type":"SearchAction","target":{"@type":"EntryPoint","urlTemplate":"https:\/\/www.campoviejo.com\/?s={search_term_string}"},"query-input":{"@type":"PropertyValueSpecification","valueRequired":true,"valueName":"search_term_string"}}],"inLanguage":"es-ES"},{"@type":"Organization","@id":"https:\/\/www.campoviejo.com\/#organization","name":"Campo Viejo Wines","url":"https:\/\/www.campoviejo.com\/","logo":{"@type":"ImageObject","inLanguage":"es-ES","@id":"https:\/\/www.campoviejo.com\/#\/schema\/logo\/image\/","url":"https:\/\/www.campoviejo.com\/wp-content\/uploads\/2021\/12\/CV-Logo-New-CV-en-PNG-1.png","contentUrl":"https:\/\/www.campoviejo.com\/wp-content\/uploads\/2021\/12\/CV-Logo-New-CV-en-PNG-1.png","width":284,"height":158,"caption":"Campo Viejo Wines"},"image":{"@id":"https:\/\/www.campoviejo.com\/#\/schema\/logo\/image\/"}}]}},"_links":{"self":[{"href":"https:\/\/www.campoviejo.com\/es\/wp-json\/wp\/v2\/product\/6477","targetHints":{"allow":["GET"]}}],"collection":[{"href":"https:\/\/www.campoviejo.com\/es\/wp-json\/wp\/v2\/product"}],"about":[{"href":"https:\/\/www.campoviejo.com\/es\/wp-json\/wp\/v2\/types\/product"}],"wp:featuredmedia":[{"embeddable":true,"href":"https:\/\/www.campoviejo.com\/es\/wp-json\/wp\/v2\/media\/11219"}],"wp:attachment":[{"href":"https:\/\/www.campoviejo.com\/es\/wp-json\/wp\/v2\/media?parent=6477"}],"curies":[{"name":"wp","href":"https:\/\/api.w.org\/{rel}","templated":true}]}}